{"id":119797,"date":"2023-09-18T10:31:53","date_gmt":"2023-09-18T08:31:53","guid":{"rendered":"https:\/\/spiritsofrental.com\/?page_id=119797"},"modified":"2023-10-03T13:27:51","modified_gmt":"2023-10-03T11:27:51","slug":"partners-guide","status":"publish","type":"page","link":"https:\/\/spiritsofrental.com\/es\/partners-guide\/","title":{"rendered":"Gu\u00eda del socio"},"content":{"rendered":"<div class=\"wpb-content-wrapper\"><p>[vc_row row_height_percent=\u00bb0&#8243; override_padding=\u00bbyes\u00bb h_padding=\u00bb2&#8243; top_padding=\u00bb2&#8243; bottom_padding=\u00bb2&#8243; back_color=\u00bbcolor-jevc\u00bb overlay_alpha=\u00bb50&#8243; gutter_size=\u00bb3&#8243; column_width_percent=\u00bb100&#8243; shift_y=\u00bb0&#8243; z_index=\u00bb0&#8243; uncode_shortcode_id=\u00bb447373&#8243; back_color_type=\u00bbuncode-palette\u00bb][vc_column column_width_percent=\u00bb100&#8243; position_vertical=\u00bbmiddle\u00bb align_horizontal=\u00bbalign_center\u00bb gutter_size=\u00bb3&#8243; style=\u00bbdark\u00bb overlay_alpha=\u00bb50&#8243; shift_x=\u00bb0&#8243; shift_y=\u00bb0&#8243; shift_y_down=\u00bb0&#8243; z_index=\u00bb0&#8243; align_medium=\u00bbalign_center_tablet\u00bb medium_width=\u00bb0&#8243; align_mobile=\u00bbalign_center_mobile\u00bb mobile_width=\u00bb0&#8243; width=\u00bb1\/1&#8243; uncode_shortcode_id=\u00bb332513&#8243;][vc_custom_heading text_font=\u00bbfont-117396&#8243; text_height=\u00bbfontheight-357766&#8243; uncode_shortcode_id=\u00bb154503&#8243;]Convertirse en colaborador[\/vc_custom_heading][vc_separator sep_color=\u00bb\u00bb uncode_shortcode_id=\u00bb107373&#8243; sep_color_type=\u00bbuncode-solid\u00bb sep_color_solid=\u00bb#ffffff\u00bb][vc_empty_space empty_h=\u00bb3&#8243; desktop_visibility=\u00bbyes\u00bb][vc_row_inner limit_content=\u00bb\u00bb][vc_column_inner column_width_percent=\u00bb100&#8243; gutter_size=\u00bb2&#8243; style=\u00bbdark\u00bb overlay_alpha=\u00bb50&#8243; shift_x=\u00bb0&#8243; shift_y=\u00bb0&#8243; shift_y_down=\u00bb0&#8243; z_index=\u00bb0&#8243; align_medium=\u00bbalign_center_tablet\u00bb medium_width=\u00bb0&#8243; align_mobile=\u00bbalign_center_mobile\u00bb mobile_width=\u00bb0&#8243; width=\u00bb1\/1&#8243; uncode_shortcode_id=\u00bb143433&#8243;]\n<div class=\"wpcf7 no-js\" id=\"wpcf7-f120161-o1\" lang=\"es-ES\" dir=\"ltr\" data-wpcf7-id=\"120161\">\n<div class=\"screen-reader-response\"><p role=\"status\" aria-live=\"polite\" aria-atomic=\"true\"><\/p> <ul><\/ul><\/div>\n<form action=\"\/es\/wp-json\/wp\/v2\/pages\/119797#wpcf7-f120161-o1\" method=\"post\" class=\"wpcf7-form init\" aria-label=\"Formulario de contacto\" novalidate=\"novalidate\" data-status=\"init\">\n<fieldset class=\"hidden-fields-container\"><input type=\"hidden\" name=\"_wpcf7\" value=\"120161\" \/><input type=\"hidden\" name=\"_wpcf7_version\" value=\"6.1.5\" \/><input type=\"hidden\" name=\"_wpcf7_locale\" value=\"es_ES\" \/><input type=\"hidden\" name=\"_wpcf7_unit_tag\" value=\"wpcf7-f120161-o1\" \/><input type=\"hidden\" name=\"_wpcf7_container_post\" value=\"0\" \/><input type=\"hidden\" name=\"_wpcf7_posted_data_hash\" value=\"\" \/><input type=\"hidden\" name=\"_wpcf7_recaptcha_response\" value=\"\" \/>\n<\/fieldset>\n<p><span class=\"wpcf7-form-control-wrap\" data-name=\"your-fullname\"><input size=\"40\" maxlength=\"400\" class=\"wpcf7-form-control wpcf7-text wpcf7-validates-as-required form-fluid\" aria-required=\"true\" aria-invalid=\"false\" placeholder=\"Nombre Completo\" value=\"\" type=\"text\" name=\"your-fullname\" \/><\/span>\n<\/p>\n<div class=\"wpcf7-inline-wrapper\">\n\t<p class=\"wpcf7-inline-field\"><span class=\"wpcf7-form-control-wrap\" data-name=\"your-email\"><input size=\"40\" maxlength=\"400\" class=\"wpcf7-form-control wpcf7-email wpcf7-validates-as-required wpcf7-text wpcf7-validates-as-email\" aria-required=\"true\" aria-invalid=\"false\" placeholder=\"Email\" value=\"\" type=\"email\" name=\"your-email\" \/><\/span>\n\t<\/p>\n\t<p class=\"wpcf7-inline-field\"><span class=\"wpcf7-form-control-wrap\" data-name=\"your-telephone\"><input size=\"40\" maxlength=\"400\" class=\"wpcf7-form-control wpcf7-text wpcf7-validates-as-required form-fluid\" aria-required=\"true\" aria-invalid=\"false\" placeholder=\"Tel\u00e9fono\" value=\"\" type=\"text\" name=\"your-telephone\" \/><\/span>\n\t<\/p>\n\t<p class=\"wpcf7-inline-field\"><span class=\"wpcf7-form-control-wrap\" data-name=\"company-name\"><input size=\"40\" maxlength=\"400\" class=\"wpcf7-form-control wpcf7-text wpcf7-validates-as-required form-fluid\" aria-required=\"true\" aria-invalid=\"false\" placeholder=\"Empresa\" value=\"\" type=\"text\" name=\"company-name\" \/><\/span>\n\t<\/p>\n<\/div>\n<p><span class=\"wpcf7-form-control-wrap\" data-name=\"your-message\"><textarea cols=\"40\" rows=\"8\" maxlength=\"2000\" class=\"wpcf7-form-control wpcf7-textarea\" aria-invalid=\"false\" placeholder=\"Mensaje\" name=\"your-message\"><\/textarea><\/span>\n<\/p>\n<p><input class=\"wpcf7-form-control wpcf7-submit has-spinner btn btn-accent\" type=\"submit\" value=\"Enviar\" \/>\n<\/p>\n<p><span class=\"wpcf7-form-control-wrap\" data-name=\"accept-this-1\"><span class=\"wpcf7-form-control wpcf7-acceptance\"><span class=\"wpcf7-list-item\"><label><input type=\"checkbox\" name=\"accept-this-1\" value=\"1\" aria-invalid=\"false\" \/><span class=\"wpcf7-list-item-label\">He le\u00eddo y acepto la <a href=\"https:\/\/spiritsofrental.com\/privacy-policy\/\">Pol\u00edtica de privacidad<\/a><\/span><\/label><\/span><\/span><\/span>\n<\/p>\n<h6>INFORMACI\u00d3N SOBRE PROTECCI\u00d3N DE DATOS. Finalidades: Responder a sus solicitudes y remitirle informaci\u00f3n comercial sobre nuestros productos y servicios, incluso por correo electr\u00f3nico. Legitimaci\u00f3n: Consentimiento del interesado. Destinatarios: No est\u00e1n previstas cesiones de datos. Derechos: Puede retirar su consentimiento en cualquier momento, as\u00ed como acceder, rectificar, suprimir sus datos y otros derechos en info@spiritsofspeed.com.<br \/>\nInformaci\u00f3n adicional: ver m\u00e1s en <a href=\"https:\/\/spiritsofrental.com\/privacy-policy\/\">Pol\u00edtica de privacidad<\/a>\n<\/h6><div class=\"wpcf7-response-output\" aria-hidden=\"true\"><\/div>\n<\/form>\n<\/div>\n[\/vc_column_inner][\/vc_row_inner][\/vc_column][\/vc_row][vc_row row_height_percent=\u00bb0&#8243; override_padding=\u00bbyes\u00bb h_padding=\u00bb2&#8243; top_padding=\u00bb2&#8243; bottom_padding=\u00bb2&#8243; back_color=\u00bbcolor-jevc\u00bb overlay_alpha=\u00bb50&#8243; gutter_size=\u00bb3&#8243; column_width_percent=\u00bb100&#8243; shift_y=\u00bb0&#8243; z_index=\u00bb0&#8243; uncode_shortcode_id=\u00bb447373&#8243; back_color_type=\u00bbuncode-palette\u00bb][vc_column column_width_percent=\u00bb100&#8243; position_vertical=\u00bbmiddle\u00bb align_horizontal=\u00bbalign_center\u00bb gutter_size=\u00bb3&#8243; style=\u00bbdark\u00bb overlay_alpha=\u00bb50&#8243; shift_x=\u00bb0&#8243; shift_y=\u00bb0&#8243; shift_y_down=\u00bb0&#8243; z_index=\u00bb0&#8243; align_medium=\u00bbalign_center_tablet\u00bb medium_width=\u00bb0&#8243; align_mobile=\u00bbalign_center_mobile\u00bb mobile_width=\u00bb0&#8243; width=\u00bb1\/1&#8243; uncode_shortcode_id=\u00bb332513&#8243;][vc_custom_heading text_font=\u00bbfont-117396&#8243; text_height=\u00bbfontheight-357766&#8243; uncode_shortcode_id=\u00bb862011&#8243;]Informaci\u00f3n de contacto[\/vc_custom_heading][vc_separator sep_color=\u00bb\u00bb uncode_shortcode_id=\u00bb107373&#8243; sep_color_type=\u00bbuncode-solid\u00bb sep_color_solid=\u00bb#ffffff\u00bb][vc_empty_space empty_h=\u00bb3&#8243; desktop_visibility=\u00bbyes\u00bb][vc_row_inner limit_content=\u00bb\u00bb][vc_column_inner column_width_percent=\u00bb100&#8243; gutter_size=\u00bb2&#8243; style=\u00bbdark\u00bb overlay_alpha=\u00bb50&#8243; shift_x=\u00bb0&#8243; shift_y=\u00bb0&#8243; shift_y_down=\u00bb0&#8243; z_index=\u00bb0&#8243; align_medium=\u00bbalign_center_tablet\u00bb medium_width=\u00bb0&#8243; align_mobile=\u00bbalign_center_mobile\u00bb mobile_width=\u00bb0&#8243; width=\u00bb1\/1&#8243; uncode_shortcode_id=\u00bb143433&#8243;][vc_column_text uncode_shortcode_id=\u00bb267299&#8243;]<iframe style=\"border: 0;\" src=\"https:\/\/www.google.com\/maps\/embed?pb=!1m18!1m12!1m3!1d2995.0833386270338!2d2.11640577744313!3d41.350542271304796!2m3!1f0!2f0!3f0!3m2!1i1024!2i768!4f13.1!3m3!1m2!1s0x12a499a7a6536cd7%3A0xb25c189ae082fcd5!2sRolls-Royce%20Motor%20Cars%20Authorised%20Service%20Barcelona!5e0!3m2!1sca!2ses!4v1695026220770!5m2!1sca!2ses\" width=\"100%\" height=\"250\" allowfullscreen=\"allowfullscreen\"><span data-mce-type=\"bookmark\" style=\"display: inline-block; width: 0px; overflow: hidden; line-height: 0;\" class=\"mce_SELRES_start\">\ufeff<\/span><span data-mce-type=\"bookmark\" style=\"display: inline-block; width: 0px; overflow: hidden; line-height: 0;\" class=\"mce_SELRES_start\">\ufeff<\/span><\/iframe><\/p>\n<p>[\/vc_column_text][\/vc_column_inner][\/vc_row_inner][vc_empty_space empty_h=\u00bb4&#8243; desktop_visibility=\u00bbyes\u00bb][vc_row_inner row_inner_height_percent=\u00bb0&#8243; overlay_alpha=\u00bb50&#8243; gutter_size=\u00bb3&#8243; border_style=\u00bbsolid\u00bb shift_y=\u00bb0&#8243; z_index=\u00bb0&#8243; limit_content=\u00bb\u00bb uncode_shortcode_id=\u00bb371128&#8243;][vc_column_inner column_width_percent=\u00bb100&#8243; align_horizontal=\u00bbalign_center\u00bb gutter_size=\u00bb2&#8243; style=\u00bbdark\u00bb overlay_alpha=\u00bb50&#8243; shift_x=\u00bb0&#8243; shift_y=\u00bb0&#8243; shift_y_down=\u00bb0&#8243; z_index=\u00bb0&#8243; align_medium=\u00bbalign_center_tablet\u00bb medium_width=\u00bb0&#8243; align_mobile=\u00bbalign_center_mobile\u00bb mobile_width=\u00bb0&#8243; width=\u00bb5\/12&#8243; uncode_shortcode_id=\u00bb139732&#8243;][vc_custom_heading text_font=\u00bbfont-117396&#8243; text_height=\u00bbfontheight-357766&#8243; uncode_shortcode_id=\u00bb281171&#8243; text_color_type=\u00bbuncode-solid\u00bb text_color_solid=\u00bb#f6ff00&#8243;]Spirits of Rental[\/vc_custom_heading][vc_custom_heading text_font=\u00bbfont-117396&#8243; text_size=\u00bbh3&#8243; text_height=\u00bbfontheight-357766&#8243; uncode_shortcode_id=\u00bb711331&#8243;]Carrer de les Ciencies 114-118<br \/>\n08908, L \u0301Hospitalet de Llobregat<br \/>\n<a href=\"mailto:info@spiritsofrental.com\">info@spiritsofrental.com<\/a><br \/>\n+34 931 311 553[\/vc_custom_heading][\/vc_column_inner][vc_column_inner column_width_percent=\u00bb100&#8243; position_vertical=\u00bbmiddle\u00bb align_horizontal=\u00bbalign_center\u00bb gutter_size=\u00bb2&#8243; style=\u00bbdark\u00bb overlay_alpha=\u00bb50&#8243; shift_x=\u00bb0&#8243; shift_y=\u00bb0&#8243; shift_y_down=\u00bb0&#8243; z_index=\u00bb0&#8243; medium_visibility=\u00bbyes\u00bb medium_width=\u00bb0&#8243; mobile_visibility=\u00bbyes\u00bb mobile_width=\u00bb0&#8243; width=\u00bb2\/12&#8243; uncode_shortcode_id=\u00bb169175&#8243;][vc_single_image media=\u00bb120036&#8243; media_width_use_pixel=\u00bbyes\u00bb alignment=\u00bbcenter\u00bb uncode_shortcode_id=\u00bb970752&#8243; media_width_pixel=\u00bb2&#8243;][\/vc_column_inner][vc_column_inner column_width_percent=\u00bb100&#8243; align_horizontal=\u00bbalign_center\u00bb gutter_size=\u00bb2&#8243; style=\u00bbdark\u00bb overlay_alpha=\u00bb50&#8243; shift_x=\u00bb0&#8243; shift_y=\u00bb0&#8243; shift_y_down=\u00bb0&#8243; z_index=\u00bb0&#8243; medium_width=\u00bb0&#8243; mobile_width=\u00bb0&#8243; width=\u00bb5\/12&#8243; uncode_shortcode_id=\u00bb162558&#8243;][vc_custom_heading text_font=\u00bbfont-117396&#8243; text_height=\u00bbfontheight-357766&#8243; uncode_shortcode_id=\u00bb126352&#8243; text_color_type=\u00bbuncode-solid\u00bb text_color_solid=\u00bb#f6ff00&#8243;]Gerard Claramunt[\/vc_custom_heading][vc_custom_heading text_font=\u00bbfont-117396&#8243; text_size=\u00bbh3&#8243; text_height=\u00bbfontheight-357766&#8243; uncode_shortcode_id=\u00bb291523&#8243;]Responsable de Alquiler y Log\u00edstica<br \/>\n<a href=\"mailto:gerard@spiritsofspeed.com\">gerard@spiritsofspeed.com<\/a><br \/>\n+34 667304716[\/vc_custom_heading][\/vc_column_inner][\/vc_row_inner][\/vc_column][\/vc_row][vc_row unlock_row_content=\u00bbyes\u00bb row_height_percent=\u00bb0&#8243; override_padding=\u00bbyes\u00bb h_padding=\u00bb0&#8243; top_padding=\u00bb3&#8243; bottom_padding=\u00bb0&#8243; back_color=\u00bbcolor-jevc\u00bb overlay_alpha=\u00bb50&#8243; gutter_size=\u00bb2&#8243; column_width_percent=\u00bb100&#8243; shift_y=\u00bb0&#8243; z_index=\u00bb0&#8243; uncode_shortcode_id=\u00bb110767&#8243; back_color_type=\u00bbuncode-palette\u00bb][vc_column column_width_percent=\u00bb100&#8243; position_vertical=\u00bbmiddle\u00bb align_horizontal=\u00bbalign_center\u00bb gutter_size=\u00bb4&#8243; style=\u00bbdark\u00bb overlay_alpha=\u00bb50&#8243; shift_x=\u00bb0&#8243; shift_y=\u00bb0&#8243; shift_y_down=\u00bb0&#8243; z_index=\u00bb0&#8243; medium_width=\u00bb0&#8243; mobile_width=\u00bb0&#8243; width=\u00bb1\/1&#8243; uncode_shortcode_id=\u00bb162626&#8243;][uncode_index el_id=\u00bbindex-17380954622&#8243; isotope_mode=\u00bbfitRows\u00bb loop=\u00bbsize:3|order_by:date|order:ASC|post_type:partners_guide|taxonomy_count:10&#8243; screen_lg=\u00bb1000&#8243; screen_md=\u00bb600&#8243; screen_sm=\u00bb480&#8243; gutter_size=\u00bb0&#8243; post_items=\u00bbmedia|featured|onpost|poster,date,title,text|excerpt|90,category|bordered|topright|hide-icon\u00bb portfolio_items=\u00bbmedia|featured|onpost|original,title,category|nobg|relative|display-icon\u00bb partners_guide_items=\u00bbmedia|featured|onpost|original,title\u00bb single_text=\u00bboverlay\u00bb images_size=\u00bbsixteen-nine\u00bb single_overlay_color=\u00bbcolor-wayh\u00bb single_overlay_opacity=\u00bb60&#8243; single_overlay_visible=\u00bbyes\u00bb single_text_visible=\u00bbyes\u00bb single_image_anim=\u00bbno\u00bb single_h_align=\u00bbcenter\u00bb single_padding=\u00bb2&#8243; single_text_reduced=\u00bbyes\u00bb single_title_dimension=\u00bbh2&#8243; single_title_transform=\u00bbuppercase\u00bb single_border=\u00bbyes\u00bb no_double_tap=\u00bbyes\u00bb services_items=\u00bbmedia|featured|onpost|original,title\u00bb uncode_shortcode_id=\u00bb302898&#8243;][\/vc_column][\/vc_row]<\/p>\n<\/div>","protected":false},"excerpt":{"rendered":"<p>[\/vc_column_text][\/vc_column_inner][\/vc_row_inner][vc_empty_space empty_h=\u00bb4&#8243; desktop_visibility=\u00bbyes\u00bb][vc_row_inner row_inner_height_percent=\u00bb0&#8243; overlay_alpha=\u00bb50&#8243; gutter_size=\u00bb3&#8243; border_style=\u00bbsolid\u00bb shift_y=\u00bb0&#8243; z_index=\u00bb0&#8243; limit_content=\u00bb\u00bb uncode_shortcode_id=\u00bb371128&#8243;][vc_column_inner column_width_percent=\u00bb100&#8243; align_horizontal=\u00bbalign_center\u00bb gutter_size=\u00bb2&#8243; style=\u00bbdark\u00bb overlay_alpha=\u00bb50&#8243; shift_x=\u00bb0&#8243; shift_y=\u00bb0&#8243; shift_y_down=\u00bb0&#8243; z_index=\u00bb0&#8243; [&hellip;]<\/p>\n","protected":false},"author":1,"featured_media":119802,"parent":0,"menu_order":0,"comment_status":"closed","ping_status":"closed","template":"","meta":{"footnotes":""},"class_list":["post-119797","page","type-page","status-publish","has-post-thumbnail","hentry"],"yoast_head":"<!-- This site is optimized with the Yoast SEO plugin v27.4 - https:\/\/yoast.com\/product\/yoast-seo-wordpress\/ -->\n<title>About Us | Spirits of Speed Rental<\/title>\n<meta name=\"description\" content=\"The aim is to be able to give our customers the ability to choose from a wide range of vehicles and concierge services according to their needs.\" \/>\n<meta name=\"robots\" content=\"index, follow, max-snippet:-1, max-image-preview:large, max-video-preview:-1\" \/>\n<link rel=\"canonical\" href=\"https:\/\/spiritsofrental.com\/es\/partners-guide\/\" \/>\n<meta property=\"og:locale\" content=\"es_ES\" \/>\n<meta property=\"og:type\" content=\"article\" \/>\n<meta property=\"og:title\" content=\"About Us | Spirits of Speed Rental\" \/>\n<meta property=\"og:description\" content=\"The aim is to be able to give our customers the ability to choose from a wide range of vehicles and concierge services according to their needs.\" \/>\n<meta property=\"og:url\" content=\"https:\/\/spiritsofrental.com\/es\/partners-guide\/\" \/>\n<meta property=\"og:site_name\" content=\"Spirits of Speed\" \/>\n<meta property=\"article:publisher\" content=\"https:\/\/www.facebook.com\/spiritsofspeed\/\" \/>\n<meta property=\"article:modified_time\" content=\"2023-10-03T11:27:51+00:00\" \/>\n<meta property=\"og:image\" content=\"https:\/\/spiritsofrental.com\/wp-content\/uploads\/2023\/09\/spirits-of-rental-partners-guide-ft.webp\" \/>\n\t<meta property=\"og:image:width\" content=\"1920\" \/>\n\t<meta property=\"og:image:height\" content=\"1080\" \/>\n\t<meta property=\"og:image:type\" content=\"image\/webp\" \/>\n<meta name=\"twitter:card\" content=\"summary_large_image\" \/>\n<meta name=\"twitter:label1\" content=\"Tiempo de lectura\" \/>\n\t<meta name=\"twitter:data1\" content=\"2 minutos\" \/>\n<script type=\"application\/ld+json\" class=\"yoast-schema-graph\">{\"@context\":\"https:\\\/\\\/schema.org\",\"@graph\":[{\"@type\":\"WebPage\",\"@id\":\"https:\\\/\\\/spiritsofrental.com\\\/es\\\/partners-guide\\\/\",\"url\":\"https:\\\/\\\/spiritsofrental.com\\\/es\\\/partners-guide\\\/\",\"name\":\"About Us | Spirits of Speed Rental\",\"isPartOf\":{\"@id\":\"https:\\\/\\\/spiritsofrental.com\\\/es\\\/#website\"},\"primaryImageOfPage\":{\"@id\":\"https:\\\/\\\/spiritsofrental.com\\\/es\\\/partners-guide\\\/#primaryimage\"},\"image\":{\"@id\":\"https:\\\/\\\/spiritsofrental.com\\\/es\\\/partners-guide\\\/#primaryimage\"},\"thumbnailUrl\":\"https:\\\/\\\/spiritsofrental.com\\\/wp-content\\\/uploads\\\/2023\\\/09\\\/spirits-of-rental-partners-guide-ft.webp\",\"datePublished\":\"2023-09-18T08:31:53+00:00\",\"dateModified\":\"2023-10-03T11:27:51+00:00\",\"description\":\"The aim is to be able to give our customers the ability to choose from a wide range of vehicles and concierge services according to their needs.\",\"breadcrumb\":{\"@id\":\"https:\\\/\\\/spiritsofrental.com\\\/es\\\/partners-guide\\\/#breadcrumb\"},\"inLanguage\":\"es\",\"potentialAction\":[{\"@type\":\"ReadAction\",\"target\":[\"https:\\\/\\\/spiritsofrental.com\\\/es\\\/partners-guide\\\/\"]}]},{\"@type\":\"ImageObject\",\"inLanguage\":\"es\",\"@id\":\"https:\\\/\\\/spiritsofrental.com\\\/es\\\/partners-guide\\\/#primaryimage\",\"url\":\"https:\\\/\\\/spiritsofrental.com\\\/wp-content\\\/uploads\\\/2023\\\/09\\\/spirits-of-rental-partners-guide-ft.webp\",\"contentUrl\":\"https:\\\/\\\/spiritsofrental.com\\\/wp-content\\\/uploads\\\/2023\\\/09\\\/spirits-of-rental-partners-guide-ft.webp\",\"width\":1920,\"height\":1080},{\"@type\":\"BreadcrumbList\",\"@id\":\"https:\\\/\\\/spiritsofrental.com\\\/es\\\/partners-guide\\\/#breadcrumb\",\"itemListElement\":[{\"@type\":\"ListItem\",\"position\":1,\"name\":\"Home\",\"item\":\"https:\\\/\\\/spiritsofrental.com\\\/es\\\/\"},{\"@type\":\"ListItem\",\"position\":2,\"name\":\"Gu\u00eda del socio\"}]},{\"@type\":\"WebSite\",\"@id\":\"https:\\\/\\\/spiritsofrental.com\\\/es\\\/#website\",\"url\":\"https:\\\/\\\/spiritsofrental.com\\\/es\\\/\",\"name\":\"Spirits of Rental\",\"description\":\"Luxury Car Rental in Barcelona\",\"publisher\":{\"@id\":\"https:\\\/\\\/spiritsofrental.com\\\/es\\\/#organization\"},\"potentialAction\":[{\"@type\":\"SearchAction\",\"target\":{\"@type\":\"EntryPoint\",\"urlTemplate\":\"https:\\\/\\\/spiritsofrental.com\\\/es\\\/?s={search_term_string}\"},\"query-input\":{\"@type\":\"PropertyValueSpecification\",\"valueRequired\":true,\"valueName\":\"search_term_string\"}}],\"inLanguage\":\"es\"},{\"@type\":\"Organization\",\"@id\":\"https:\\\/\\\/spiritsofrental.com\\\/es\\\/#organization\",\"name\":\"Spirits of Speed\",\"url\":\"https:\\\/\\\/spiritsofrental.com\\\/es\\\/\",\"logo\":{\"@type\":\"ImageObject\",\"inLanguage\":\"es\",\"@id\":\"https:\\\/\\\/spiritsofrental.com\\\/es\\\/#\\\/schema\\\/logo\\\/image\\\/\",\"url\":\"https:\\\/\\\/spiritsofrental.com\\\/wp-content\\\/uploads\\\/2023\\\/03\\\/spirits-of-speed-logo-light.webp\",\"contentUrl\":\"https:\\\/\\\/spiritsofrental.com\\\/wp-content\\\/uploads\\\/2023\\\/03\\\/spirits-of-speed-logo-light.webp\",\"width\":800,\"height\":158,\"caption\":\"Spirits of Speed\"},\"image\":{\"@id\":\"https:\\\/\\\/spiritsofrental.com\\\/es\\\/#\\\/schema\\\/logo\\\/image\\\/\"},\"sameAs\":[\"https:\\\/\\\/www.facebook.com\\\/spiritsofspeed\\\/\",\"https:\\\/\\\/www.linkedin.com\\\/company\\\/spirits-of-speed\\\/\",\"https:\\\/\\\/www.youtube.com\\\/channel\\\/UCgT4KlXMzPk-8s0bNkyIsyw\"]}]}<\/script>\n<!-- \/ Yoast SEO plugin. -->","yoast_head_json":{"title":"About Us | Spirits of Speed Rental","description":"The aim is to be able to give our customers the ability to choose from a wide range of vehicles and concierge services according to their needs.","robots":{"index":"index","follow":"follow","max-snippet":"max-snippet:-1","max-image-preview":"max-image-preview:large","max-video-preview":"max-video-preview:-1"},"canonical":"https:\/\/spiritsofrental.com\/es\/partners-guide\/","og_locale":"es_ES","og_type":"article","og_title":"About Us | Spirits of Speed Rental","og_description":"The aim is to be able to give our customers the ability to choose from a wide range of vehicles and concierge services according to their needs.","og_url":"https:\/\/spiritsofrental.com\/es\/partners-guide\/","og_site_name":"Spirits of Speed","article_publisher":"https:\/\/www.facebook.com\/spiritsofspeed\/","article_modified_time":"2023-10-03T11:27:51+00:00","og_image":[{"width":1920,"height":1080,"url":"https:\/\/spiritsofrental.com\/wp-content\/uploads\/2023\/09\/spirits-of-rental-partners-guide-ft.webp","type":"image\/webp"}],"twitter_card":"summary_large_image","twitter_misc":{"Tiempo de lectura":"2 minutos"},"schema":{"@context":"https:\/\/schema.org","@graph":[{"@type":"WebPage","@id":"https:\/\/spiritsofrental.com\/es\/partners-guide\/","url":"https:\/\/spiritsofrental.com\/es\/partners-guide\/","name":"About Us | Spirits of Speed Rental","isPartOf":{"@id":"https:\/\/spiritsofrental.com\/es\/#website"},"primaryImageOfPage":{"@id":"https:\/\/spiritsofrental.com\/es\/partners-guide\/#primaryimage"},"image":{"@id":"https:\/\/spiritsofrental.com\/es\/partners-guide\/#primaryimage"},"thumbnailUrl":"https:\/\/spiritsofrental.com\/wp-content\/uploads\/2023\/09\/spirits-of-rental-partners-guide-ft.webp","datePublished":"2023-09-18T08:31:53+00:00","dateModified":"2023-10-03T11:27:51+00:00","description":"The aim is to be able to give our customers the ability to choose from a wide range of vehicles and concierge services according to their needs.","breadcrumb":{"@id":"https:\/\/spiritsofrental.com\/es\/partners-guide\/#breadcrumb"},"inLanguage":"es","potentialAction":[{"@type":"ReadAction","target":["https:\/\/spiritsofrental.com\/es\/partners-guide\/"]}]},{"@type":"ImageObject","inLanguage":"es","@id":"https:\/\/spiritsofrental.com\/es\/partners-guide\/#primaryimage","url":"https:\/\/spiritsofrental.com\/wp-content\/uploads\/2023\/09\/spirits-of-rental-partners-guide-ft.webp","contentUrl":"https:\/\/spiritsofrental.com\/wp-content\/uploads\/2023\/09\/spirits-of-rental-partners-guide-ft.webp","width":1920,"height":1080},{"@type":"BreadcrumbList","@id":"https:\/\/spiritsofrental.com\/es\/partners-guide\/#breadcrumb","itemListElement":[{"@type":"ListItem","position":1,"name":"Home","item":"https:\/\/spiritsofrental.com\/es\/"},{"@type":"ListItem","position":2,"name":"Gu\u00eda del socio"}]},{"@type":"WebSite","@id":"https:\/\/spiritsofrental.com\/es\/#website","url":"https:\/\/spiritsofrental.com\/es\/","name":"Spirits of Rental","description":"Luxury Car Rental in Barcelona","publisher":{"@id":"https:\/\/spiritsofrental.com\/es\/#organization"},"potentialAction":[{"@type":"SearchAction","target":{"@type":"EntryPoint","urlTemplate":"https:\/\/spiritsofrental.com\/es\/?s={search_term_string}"},"query-input":{"@type":"PropertyValueSpecification","valueRequired":true,"valueName":"search_term_string"}}],"inLanguage":"es"},{"@type":"Organization","@id":"https:\/\/spiritsofrental.com\/es\/#organization","name":"Spirits of Speed","url":"https:\/\/spiritsofrental.com\/es\/","logo":{"@type":"ImageObject","inLanguage":"es","@id":"https:\/\/spiritsofrental.com\/es\/#\/schema\/logo\/image\/","url":"https:\/\/spiritsofrental.com\/wp-content\/uploads\/2023\/03\/spirits-of-speed-logo-light.webp","contentUrl":"https:\/\/spiritsofrental.com\/wp-content\/uploads\/2023\/03\/spirits-of-speed-logo-light.webp","width":800,"height":158,"caption":"Spirits of Speed"},"image":{"@id":"https:\/\/spiritsofrental.com\/es\/#\/schema\/logo\/image\/"},"sameAs":["https:\/\/www.facebook.com\/spiritsofspeed\/","https:\/\/www.linkedin.com\/company\/spirits-of-speed\/","https:\/\/www.youtube.com\/channel\/UCgT4KlXMzPk-8s0bNkyIsyw"]}]}},"_links":{"self":[{"href":"https:\/\/spiritsofrental.com\/es\/wp-json\/wp\/v2\/pages\/119797","targetHints":{"allow":["GET"]}}],"collection":[{"href":"https:\/\/spiritsofrental.com\/es\/wp-json\/wp\/v2\/pages"}],"about":[{"href":"https:\/\/spiritsofrental.com\/es\/wp-json\/wp\/v2\/types\/page"}],"author":[{"embeddable":true,"href":"https:\/\/spiritsofrental.com\/es\/wp-json\/wp\/v2\/users\/1"}],"replies":[{"embeddable":true,"href":"https:\/\/spiritsofrental.com\/es\/wp-json\/wp\/v2\/comments?post=119797"}],"version-history":[{"count":13,"href":"https:\/\/spiritsofrental.com\/es\/wp-json\/wp\/v2\/pages\/119797\/revisions"}],"predecessor-version":[{"id":120168,"href":"https:\/\/spiritsofrental.com\/es\/wp-json\/wp\/v2\/pages\/119797\/revisions\/120168"}],"wp:featuredmedia":[{"embeddable":true,"href":"https:\/\/spiritsofrental.com\/es\/wp-json\/wp\/v2\/media\/119802"}],"wp:attachment":[{"href":"https:\/\/spiritsofrental.com\/es\/wp-json\/wp\/v2\/media?parent=119797"}],"curies":[{"name":"wp","href":"https:\/\/api.w.org\/{rel}","templated":true}]}}