{"id":119312,"date":"2023-05-15T17:09:19","date_gmt":"2023-05-15T15:09:19","guid":{"rendered":"https:\/\/spiritsofrental.com\/?page_id=119312"},"modified":"2023-05-24T13:00:59","modified_gmt":"2023-05-24T11:00:59","slug":"faqs","status":"publish","type":"page","link":"https:\/\/spiritsofrental.com\/es\/faqs\/","title":{"rendered":"FAQs"},"content":{"rendered":"<div class=\"wpb-content-wrapper\"><p>[vc_row row_height_percent=\u00bb0&#8243; override_padding=\u00bbyes\u00bb h_padding=\u00bb2&#8243; top_padding=\u00bb3&#8243; bottom_padding=\u00bb5&#8243; back_color=\u00bbcolor-jevc\u00bb overlay_alpha=\u00bb50&#8243; gutter_size=\u00bb3&#8243; column_width_percent=\u00bb100&#8243; shift_y=\u00bb0&#8243; z_index=\u00bb0&#8243; uncode_shortcode_id=\u00bb483487&#8243; back_color_type=\u00bbuncode-palette\u00bb][vc_column column_width_use_pixel=\u00bbyes\u00bb gutter_size=\u00bb4&#8243; override_padding=\u00bbyes\u00bb column_padding=\u00bb3&#8243; style=\u00bbdark\u00bb overlay_alpha=\u00bb50&#8243; shift_x=\u00bb0&#8243; shift_y=\u00bb0&#8243; shift_y_down=\u00bb0&#8243; z_index=\u00bb0&#8243; medium_width=\u00bb0&#8243; mobile_width=\u00bb0&#8243; radius=\u00bbstd\u00bb width=\u00bb1\/1&#8243; column_width_pixel=\u00bb1200&#8243; uncode_shortcode_id=\u00bb929984&#8243;][vc_accordion active_tab=\u00bb0&#8243;][vc_accordion_tab gutter_size=\u00bb2&#8243; column_padding=\u00bb2&#8243; title=\u00bb\u00bfSon seguros sus coches?\u00bb tab_id=\u00bbd21d5937-3bb0-2155567891400115556795059522650-606b1684224235458&#8243;][vc_column_text text_lead=\u00bbyes\u00bb uncode_shortcode_id=\u00bb108037&#8243;]S\u00ed lo son. Estamos profundamente preocupados por la seguridad de nuestros clientes. Es por eso por lo que todos los coches se lavan y desinfectan cuidadosamente. Adem\u00e1s, disponemos de un taller propio en nuestras instalaciones, lo que facilita tener los coches al d\u00eda mec\u00e1nicamente hablando.[\/vc_column_text][\/vc_accordion_tab][vc_accordion_tab gutter_size=\u00bb2&#8243; column_padding=\u00bb2&#8243; title=\u00bb\u00bfSe entrega el coche en otras localizaciones?\u00bb tab_id=\u00bb6dad8f3c-7309-8155567891400115556795059522650-606b1684224235458&#8243;][vc_column_text text_lead=\u00bbyes\u00bb uncode_shortcode_id=\u00bb191145&#8243;]No, no lo hacemos. Pero le entregaremos el autom\u00f3vil que reserv\u00f3 con cargos adicionales si se necesita cualquier otra ubicaci\u00f3n.[\/vc_column_text][\/vc_accordion_tab][vc_accordion_tab gutter_size=\u00bb2&#8243; column_padding=\u00bb2&#8243; title=\u00bbEncontr\u00e9 el rasgu\u00f1o en el autom\u00f3vil. \u00bfQu\u00e9 tengo que hacer?\u00bb tab_id=\u00bb9346230d-a835-9155567891400115556795059522650-606b1684224235458&#8243;][vc_column_text text_lead=\u00bbyes\u00bb uncode_shortcode_id=\u00bb142918&#8243;]Se solicita a todos los clientes que revisen el autom\u00f3vil en busca de rasgu\u00f1os u otros defectos en el momento de la entrega. Si encuentra alguno de estos m\u00e1s tarde, se le cobrar\u00e1 la tarifa por da\u00f1os.[\/vc_column_text][\/vc_accordion_tab][vc_accordion_tab gutter_size=\u00bb2&#8243; column_padding=\u00bb2&#8243; title=\u00bb\u00bfPuedo conducir por la monta\u00f1a o practicar 4&#215;4?\u00bb tab_id=\u00bb1555679162900-3-115556795059522650-606b1684224235458&#8243;][vc_column_text text_lead=\u00bbyes\u00bb uncode_shortcode_id=\u00bb199375&#8243;]Est\u00e1 estrictamente prohibido conducir fuera de la carretera, as\u00ed como participar en carreras, derrapar o cualquier otra actividad peligrosa que pueda da\u00f1ar el autom\u00f3vil, a menos que el autom\u00f3vil est\u00e9 estrictamente dise\u00f1ado para ello. No debe usar el autom\u00f3vil para el transporte de sustancias o armas ilegales.[\/vc_column_text][\/vc_accordion_tab][vc_accordion_tab gutter_size=\u00bb2&#8243; column_padding=\u00bb2&#8243; title=\u00bb\u00bfHay un l\u00edmite de distancia diaria?\u00bb tab_id=\u00bb1684165473904-21-91684224235458&#8243;][vc_column_text text_lead=\u00bbyes\u00bb uncode_shortcode_id=\u00bb379044&#8243;]S\u00ed, establecemos el l\u00edmite de kilometraje diario de 150 km. Si se excede, se cobra la tarifa adicional. Sin embargo, se recomienda planificar su viaje con anticipaci\u00f3n, para que pueda discutir con nuestro gerente la duraci\u00f3n de su viaje y su destino.[\/vc_column_text][\/vc_accordion_tab][vc_accordion_tab gutter_size=\u00bb2&#8243; column_padding=\u00bb2&#8243; title=\u00bb\u00bfCu\u00e1l es la edad m\u00ednima para alquilar sus coches?\u00bb tab_id=\u00bb1684163949778-4-01684224235458&#8243;][vc_column_text text_lead=\u00bbyes\u00bb uncode_shortcode_id=\u00bb107887&#8243;]La edad m\u00ednima de un conductor para alquilar un auto es de 25 a\u00f1os con 3 a\u00f1os de licencia de conducir.[\/vc_column_text][\/vc_accordion_tab][vc_accordion_tab gutter_size=\u00bb2&#8243; column_padding=\u00bb2&#8243; title=\u00bb\u00bfQu\u00e9 tipo de seguro ofrecen?\u00bb tab_id=\u00bb1684165718527-21-21684224235458&#8243;][vc_column_text text_lead=\u00bbyes\u00bb uncode_shortcode_id=\u00bb510385&#8243;]Colaboramos con compa\u00f1\u00edas de seguros de gran reputaci\u00f3n en Espa\u00f1a. Todos nuestros autom\u00f3viles cuentan con seguro a todo riesgo, que incluye salud y vida. Este tipo de seguro se aplica al conductor y al segundo conductor u otros pasajeros asociados.[\/vc_column_text][\/vc_accordion_tab][vc_accordion_tab gutter_size=\u00bb2&#8243; column_padding=\u00bb2&#8243; title=\u00bb\u00bfCu\u00e1l es la forma m\u00e1s f\u00e1cil de alquilar un coche?\u00bb tab_id=\u00bb1684165941951-21-101684224235458&#8243;][vc_column_text text_lead=\u00bbyes\u00bb uncode_shortcode_id=\u00bb157817&#8243;]La forma m\u00e1s f\u00e1cil y r\u00e1pida de conseguir un coche de alquiler de Spirits of Speed es reservarlo online a trav\u00e9s de nuestro formulario de contacto. Nuestro gerente se comunicar\u00e1 con usted para obtener m\u00e1s detalles.<br \/>\n[\/vc_column_text][\/vc_accordion_tab][vc_accordion_tab gutter_size=\u00bb2&#8243; column_padding=\u00bb2&#8243; title=\u00bb\u00bfHay alg\u00fan cargo extra?\u00bb tab_id=\u00bb1684166087553-21-91684224235458&#8243;][vc_column_text text_lead=\u00bbyes\u00bb uncode_shortcode_id=\u00bb418506&#8243;]El servicio de alquiler de Spirits of Speed no cobra ninguna tarifa adicional aparte de las mencionadas en el Contrato de alquiler. Por favor, aseg\u00farese de leerlo cuidadosamente.[\/vc_column_text][\/vc_accordion_tab][vc_accordion_tab gutter_size=\u00bb2&#8243; column_padding=\u00bb2&#8243; title=\u00bb\u00bfPor qu\u00e9 bloquean el monto del dep\u00f3sito en mi tarjeta?\u00bb tab_id=\u00bb1684166202251-21-31684224235458&#8243;][vc_column_text text_lead=\u00bbyes\u00bb uncode_shortcode_id=\u00bb175152&#8243;]El dinero del dep\u00f3sito de seguridad se bloquear\u00e1 en su tarjeta hasta que devuelva el autom\u00f3vil. Este dinero cubrir\u00e1 los da\u00f1os (a menos que est\u00e9 cubierto por el seguro) o se utilizar\u00e1 para pagar las multas por exceso de velocidad.<br \/>\n[\/vc_column_text][\/vc_accordion_tab][vc_accordion_tab gutter_size=\u00bb2&#8243; column_padding=\u00bb2&#8243; title=\u00bb\u00bfQu\u00e9 debo hacer en caso de un accidente de tr\u00e1fico?\u00bb tab_id=\u00bb1684166365086-21-21684224235458&#8243;][vc_column_text text_lead=\u00bbyes\u00bb uncode_shortcode_id=\u00bb461028&#8243;]En caso de accidente de tr\u00e1fico o aver\u00eda, debe ponerse en contacto con nuestro servicio de asistencia en carretera para obtener instrucciones completas para sus acciones posteriores.[\/vc_column_text][\/vc_accordion_tab][vc_accordion_tab gutter_size=\u00bb2&#8243; column_padding=\u00bb2&#8243; title=\u00bb\u00bfAlguien m\u00e1s puede conducir el coche de alquiler?\u00bb tab_id=\u00bb1684166661191-14-101684224235458&#8243;][vc_column_text text_lead=\u00bbyes\u00bb uncode_shortcode_id=\u00bb341695&#8243;]Al alquilar un autom\u00f3vil, debe mencionar los nombres de todas las personas que conducir\u00e1n el autom\u00f3vil alquilado. Tenga en cuenta que la tarifa puede aumentar con cada nombre que se diga, as\u00ed que mant\u00e9ngala minimizada para una o dos personas solamente.<br \/>\n[\/vc_column_text][\/vc_accordion_tab][vc_accordion_tab gutter_size=\u00bb2&#8243; column_padding=\u00bb2&#8243; title=\u00bb\u00bfPuedo contratar a un ch\u00f3fer para que conduzca mi coche?\u00bb tab_id=\u00bb1684166778141-15-91684224235458&#8243;][vc_column_text text_lead=\u00bbyes\u00bb uncode_shortcode_id=\u00bb771288&#8243;]Por supuesto, nuestros conductores son profesionales y conocedores de cada camino. Ellos saben c\u00f3mo ayudarte a evitar el intenso tr\u00e1fico de la ciudad, para que nunca llegues tarde a ninguna de tus reuniones. No pierdas tu tiempo en los sem\u00e1foros en rojo. Contrata a uno de nuestros conductores y deja que te ayude a disfrutar cada segundo de tu viaje.<br \/>\n[\/vc_column_text][\/vc_accordion_tab][vc_accordion_tab gutter_size=\u00bb2&#8243; column_padding=\u00bb2&#8243; title=\u00bb\u00bfQu\u00e9 documentos son necesarios para alquilar el coche con Spirits of Speed?\u00bb tab_id=\u00bb1684166838030-16-91684224235458&#8243;][vc_column_text text_lead=\u00bbyes\u00bb uncode_shortcode_id=\u00bb373211&#8243;]Los documentos requeridos difieren para turistas o residentes.<\/p>\n<p>Aqu\u00ed tienes una breve idea sobre los papeles que necesitas para alquilar tu coche. Si eres residente, entonces necesitar\u00e1s:<\/p>\n<ul>\n<li>Una copia del DNI<\/li>\n<li>Una licencia de conducir v\u00e1lida<\/li>\n<li>Una tarjeta de cr\u00e9dito operativa<\/li>\n<\/ul>\n<p>Si eres un turista, entonces necesitar\u00e1:<\/p>\n<ul>\n<li>Una copia del pasaporte<\/li>\n<li>Una licencia de conducir internacional v\u00e1lida<\/li>\n<li>Una tarjeta de cr\u00e9dito operativa<\/li>\n<\/ul>\n<p>Suponga que es de alguno de estos pa\u00edses (Australia, Austria, Bar\u00e9in, Brasil, Canad\u00e1, China, Croacia, Europa, GCC, Singapur, Eslovaquia, Eslovenia, Sud\u00e1frica, Corea del Sur, Turqu\u00eda y EE. UU.). Entonces se le permite conducir por sus licencias emitidas en su pa\u00eds de origen.[\/vc_column_text][\/vc_accordion_tab][vc_accordion_tab gutter_size=\u00bb2&#8243; column_padding=\u00bb2&#8243; title=\u00bb\u00bfQu\u00e9 tipo de permiso de conducir se necesita para alquilar un coche en Espa\u00f1a?\u00bb tab_id=\u00bb1684166959017-17-11684224235458&#8243;][vc_column_text text_lead=\u00bbyes\u00bb uncode_shortcode_id=\u00bb110166&#8243;]Si vas a alquilar un coche en Espa\u00f1a, necesitas un permiso de conducir espa\u00f1ol en vigor o un permiso de conducir internacional. Si no tiene ninguno de estos dos, siempre puede contratar a un chofer para que conduzca en su lugar. De esa manera, puede disfrutar de su viaje sin perder un minuto conduciendo. Aqu\u00ed en VIP Car Rental, siempre hacemos todo lo posible para ofrecerle nada menos que las cosas que desea de la manera m\u00e1s elegante que se pueda imaginar.[\/vc_column_text][\/vc_accordion_tab][vc_accordion_tab gutter_size=\u00bb2&#8243; column_padding=\u00bb2&#8243; title=\u00bb\u00bfEl permiso de conducir de qu\u00e9 pa\u00edses es v\u00e1lido en Espa\u00f1a?\u00bb tab_id=\u00bb1684166999795-18-41684224235458&#8243;][vc_column_text text_lead=\u00bbyes\u00bb uncode_shortcode_id=\u00bb126399&#8243;]\u00bfEl permiso de conducir de qu\u00e9 pa\u00edses es v\u00e1lido en Espa\u00f1a?<\/p>\n<p>En Espa\u00f1a se requiere permiso de conducir en vigor para el tipo de veh\u00edculo que vayas a conducir con una antig\u00fcedad m\u00ednima de 1 a\u00f1o.<br \/>\nTambi\u00e9n debe presentar una tarjeta internacional si:<\/p>\n<ul>\n<li>La tarjeta fue emitida en un pa\u00eds no europeo y est\u00e1s alquilando fuera del pa\u00eds donde fue emitida.<\/li>\n<li>La tarjeta fue emitida en un idioma con alfabeto no latino (como \u00e1rabe, griego, ruso, hebreo, japon\u00e9s&#8230;).<\/li>\n<\/ul>\n<p>[\/vc_column_text][\/vc_accordion_tab][vc_accordion_tab gutter_size=\u00bb2&#8243; column_padding=\u00bb2&#8243; title=\u00bb\u00bfQu\u00e9 pasa si excedo el l\u00edmite de kil\u00f3metros?\u00bb tab_id=\u00bb1684167100323-19-71684224235458&#8243;][vc_column_text text_lead=\u00bbyes\u00bb uncode_shortcode_id=\u00bb163514&#8243;]La limitaci\u00f3n de kil\u00f3metros es el n\u00famero de kil\u00f3metros en el od\u00f3metro de un veh\u00edculo. Al finalizar el periodo de alquiler, se aplicar\u00e1 la diferencia a pagar, a un precio por kil\u00f3metro previamente pactado.<br \/>\n[\/vc_column_text][\/vc_accordion_tab][vc_accordion_tab gutter_size=\u00bb2&#8243; column_padding=\u00bb2&#8243; title=\u00bb\u00bfQui\u00e9n paga el combustible?\u00bb tab_id=\u00bb1684167136942-20-71684224235458&#8243;][vc_column_text text_lead=\u00bbyes\u00bb uncode_shortcode_id=\u00bb134397&#8243;]Cuando devuelva su autom\u00f3vil alquilado a la agencia de alquiler de autom\u00f3viles donde lo tom\u00f3, aseg\u00farese de recargar su gasolina al mismo nivel que lo entreg\u00f3. Esto le ayuda a ahorrar algo de dinero extra. De lo contrario, Spirits of Speed se reserva el derecho de cobrar una tarifa m\u00e1s alta por la gasolina debido a las tarifas de manejo.[\/vc_column_text][\/vc_accordion_tab][vc_accordion_tab gutter_size=\u00bb2&#8243; column_padding=\u00bb2&#8243; title=\u00bb\u00bfQu\u00e9 est\u00e1 excluido del precio del alquiler del coche?\u00bb tab_id=\u00bb1684165143189-19-51684224235458&#8243;][vc_column_text text_lead=\u00bbyes\u00bb uncode_shortcode_id=\u00bb117136&#8243;]Algunas cosas est\u00e1n excluidas del precio del alquiler del autom\u00f3vil, por ejemplo, un dep\u00f3sito que est\u00e1 bloqueado por Spirits of Speed y es reembolsable despu\u00e9s de devolver el autom\u00f3vil y pagar todas las multas.<\/p>\n<p>Adem\u00e1s, el combustible, el aparcamiento y los peajes (carreteras) no est\u00e1n incluidos en el precio.[\/vc_column_text][\/vc_accordion_tab][vc_accordion_tab gutter_size=\u00bb2&#8243; column_padding=\u00bb2&#8243; title=\u00bb\u00bfOfrecen un servicio de entrega de coches?\u00bb tab_id=\u00bb1684165190686-20-21684224235458&#8243;][vc_column_text text_lead=\u00bbyes\u00bb uncode_shortcode_id=\u00bb376992&#8243;]S\u00ed. En Spirits of Speed, nos complace evitarle el ajetreo de venir a recoger o dejar su autom\u00f3vil, por lo que no importa d\u00f3nde, aeropuerto, hotel o casa, su autom\u00f3vil ser\u00e1 entregado en la puerta de su casa con cargo.[\/vc_column_text][\/vc_accordion_tab][vc_accordion_tab gutter_size=\u00bb2&#8243; column_padding=\u00bb2&#8243; title=\u00bb\u00bfEst\u00e1 permitido fumar en los coches alquilados?\u00bb tab_id=\u00bb1684165223263-21-91684224235458&#8243;][vc_column_text text_lead=\u00bbyes\u00bb uncode_shortcode_id=\u00bb213180&#8243;]No, debido a nuestra Pol\u00edtica, no se permite fumar en ninguno de nuestros veh\u00edculos.[\/vc_column_text][\/vc_accordion_tab][\/vc_accordion][\/vc_column][\/vc_row]<\/p>\n<\/div>","protected":false},"excerpt":{"rendered":"<p>[vc_row row_height_percent=\u00bb0&#8243; override_padding=\u00bbyes\u00bb h_padding=\u00bb2&#8243; top_padding=\u00bb3&#8243; bottom_padding=\u00bb5&#8243; back_color=\u00bbcolor-jevc\u00bb overlay_alpha=\u00bb50&#8243; gutter_size=\u00bb3&#8243; column_width_percent=\u00bb100&#8243; shift_y=\u00bb0&#8243; z_index=\u00bb0&#8243; uncode_shortcode_id=\u00bb483487&#8243; back_color_type=\u00bbuncode-palette\u00bb][vc_column column_width_use_pixel=\u00bbyes\u00bb gutter_size=\u00bb4&#8243; override_padding=\u00bbyes\u00bb column_padding=\u00bb3&#8243; style=\u00bbdark\u00bb overlay_alpha=\u00bb50&#8243; [&hellip;]<\/p>\n","protected":false},"author":1,"featured_media":118562,"parent":0,"menu_order":0,"comment_status":"closed","ping_status":"closed","template":"","meta":{"footnotes":""},"class_list":["post-119312","page","type-page","status-publish","has-post-thumbnail","hentry"],"yoast_head":"<!-- This site is optimized with the Yoast SEO plugin v27.4 - https:\/\/yoast.com\/product\/yoast-seo-wordpress\/ -->\n<title>FAQ | Spirits of Speed Rental<\/title>\n<meta name=\"description\" content=\"Nuestros coches de alquiler de lujo en Barcelona est\u00e1n dise\u00f1ados para ofrecerle el m\u00e1ximo confort, rendimiento y estilo, mientras est\u00e9 en Espa\u00f1a.\" \/>\n<meta name=\"robots\" content=\"index, follow, max-snippet:-1, max-image-preview:large, max-video-preview:-1\" \/>\n<link rel=\"canonical\" href=\"https:\/\/spiritsofrental.com\/es\/faqs\/\" \/>\n<meta property=\"og:locale\" content=\"es_ES\" \/>\n<meta property=\"og:type\" content=\"article\" \/>\n<meta property=\"og:title\" content=\"FAQ | Spirits of Speed Rental\" \/>\n<meta property=\"og:description\" content=\"Nuestros coches de alquiler de lujo en Barcelona est\u00e1n dise\u00f1ados para ofrecerle el m\u00e1ximo confort, rendimiento y estilo, mientras est\u00e9 en Espa\u00f1a.\" \/>\n<meta property=\"og:url\" content=\"https:\/\/spiritsofrental.com\/es\/faqs\/\" \/>\n<meta property=\"og:site_name\" content=\"Spirits of Speed\" \/>\n<meta property=\"article:publisher\" content=\"https:\/\/www.facebook.com\/spiritsofspeed\/\" \/>\n<meta property=\"article:modified_time\" content=\"2023-05-24T11:00:59+00:00\" \/>\n<meta property=\"og:image\" content=\"https:\/\/spiritsofrental.com\/wp-content\/uploads\/2023\/03\/spirits-of-speed-rovelver-img-gallery-04.jpg\" \/>\n\t<meta property=\"og:image:width\" content=\"1920\" \/>\n\t<meta property=\"og:image:height\" content=\"999\" \/>\n\t<meta property=\"og:image:type\" content=\"image\/jpeg\" \/>\n<meta name=\"twitter:card\" content=\"summary_large_image\" \/>\n<meta name=\"twitter:label1\" content=\"Tiempo de lectura\" \/>\n\t<meta name=\"twitter:data1\" content=\"6 minutos\" \/>\n<script type=\"application\/ld+json\" class=\"yoast-schema-graph\">{\"@context\":\"https:\\\/\\\/schema.org\",\"@graph\":[{\"@type\":\"WebPage\",\"@id\":\"https:\\\/\\\/spiritsofrental.com\\\/es\\\/faqs\\\/\",\"url\":\"https:\\\/\\\/spiritsofrental.com\\\/es\\\/faqs\\\/\",\"name\":\"FAQ | Spirits of Speed Rental\",\"isPartOf\":{\"@id\":\"https:\\\/\\\/spiritsofrental.com\\\/es\\\/#website\"},\"primaryImageOfPage\":{\"@id\":\"https:\\\/\\\/spiritsofrental.com\\\/es\\\/faqs\\\/#primaryimage\"},\"image\":{\"@id\":\"https:\\\/\\\/spiritsofrental.com\\\/es\\\/faqs\\\/#primaryimage\"},\"thumbnailUrl\":\"https:\\\/\\\/spiritsofrental.com\\\/wp-content\\\/uploads\\\/2023\\\/03\\\/spirits-of-speed-rovelver-img-gallery-04.jpg\",\"datePublished\":\"2023-05-15T15:09:19+00:00\",\"dateModified\":\"2023-05-24T11:00:59+00:00\",\"description\":\"Nuestros coches de alquiler de lujo en Barcelona est\u00e1n dise\u00f1ados para ofrecerle el m\u00e1ximo confort, rendimiento y estilo, mientras est\u00e9 en Espa\u00f1a.\",\"breadcrumb\":{\"@id\":\"https:\\\/\\\/spiritsofrental.com\\\/es\\\/faqs\\\/#breadcrumb\"},\"inLanguage\":\"es\",\"potentialAction\":[{\"@type\":\"ReadAction\",\"target\":[\"https:\\\/\\\/spiritsofrental.com\\\/es\\\/faqs\\\/\"]}]},{\"@type\":\"ImageObject\",\"inLanguage\":\"es\",\"@id\":\"https:\\\/\\\/spiritsofrental.com\\\/es\\\/faqs\\\/#primaryimage\",\"url\":\"https:\\\/\\\/spiritsofrental.com\\\/wp-content\\\/uploads\\\/2023\\\/03\\\/spirits-of-speed-rovelver-img-gallery-04.jpg\",\"contentUrl\":\"https:\\\/\\\/spiritsofrental.com\\\/wp-content\\\/uploads\\\/2023\\\/03\\\/spirits-of-speed-rovelver-img-gallery-04.jpg\",\"width\":1920,\"height\":999},{\"@type\":\"BreadcrumbList\",\"@id\":\"https:\\\/\\\/spiritsofrental.com\\\/es\\\/faqs\\\/#breadcrumb\",\"itemListElement\":[{\"@type\":\"ListItem\",\"position\":1,\"name\":\"Home\",\"item\":\"https:\\\/\\\/spiritsofrental.com\\\/es\\\/\"},{\"@type\":\"ListItem\",\"position\":2,\"name\":\"FAQs\"}]},{\"@type\":\"WebSite\",\"@id\":\"https:\\\/\\\/spiritsofrental.com\\\/es\\\/#website\",\"url\":\"https:\\\/\\\/spiritsofrental.com\\\/es\\\/\",\"name\":\"Spirits of Rental\",\"description\":\"Luxury Car Rental in Barcelona\",\"publisher\":{\"@id\":\"https:\\\/\\\/spiritsofrental.com\\\/es\\\/#organization\"},\"potentialAction\":[{\"@type\":\"SearchAction\",\"target\":{\"@type\":\"EntryPoint\",\"urlTemplate\":\"https:\\\/\\\/spiritsofrental.com\\\/es\\\/?s={search_term_string}\"},\"query-input\":{\"@type\":\"PropertyValueSpecification\",\"valueRequired\":true,\"valueName\":\"search_term_string\"}}],\"inLanguage\":\"es\"},{\"@type\":\"Organization\",\"@id\":\"https:\\\/\\\/spiritsofrental.com\\\/es\\\/#organization\",\"name\":\"Spirits of Speed\",\"url\":\"https:\\\/\\\/spiritsofrental.com\\\/es\\\/\",\"logo\":{\"@type\":\"ImageObject\",\"inLanguage\":\"es\",\"@id\":\"https:\\\/\\\/spiritsofrental.com\\\/es\\\/#\\\/schema\\\/logo\\\/image\\\/\",\"url\":\"https:\\\/\\\/spiritsofrental.com\\\/wp-content\\\/uploads\\\/2023\\\/03\\\/spirits-of-speed-logo-light.webp\",\"contentUrl\":\"https:\\\/\\\/spiritsofrental.com\\\/wp-content\\\/uploads\\\/2023\\\/03\\\/spirits-of-speed-logo-light.webp\",\"width\":800,\"height\":158,\"caption\":\"Spirits of Speed\"},\"image\":{\"@id\":\"https:\\\/\\\/spiritsofrental.com\\\/es\\\/#\\\/schema\\\/logo\\\/image\\\/\"},\"sameAs\":[\"https:\\\/\\\/www.facebook.com\\\/spiritsofspeed\\\/\",\"https:\\\/\\\/www.linkedin.com\\\/company\\\/spirits-of-speed\\\/\",\"https:\\\/\\\/www.youtube.com\\\/channel\\\/UCgT4KlXMzPk-8s0bNkyIsyw\"]}]}<\/script>\n<!-- \/ Yoast SEO plugin. -->","yoast_head_json":{"title":"FAQ | Spirits of Speed Rental","description":"Nuestros coches de alquiler de lujo en Barcelona est\u00e1n dise\u00f1ados para ofrecerle el m\u00e1ximo confort, rendimiento y estilo, mientras est\u00e9 en Espa\u00f1a.","robots":{"index":"index","follow":"follow","max-snippet":"max-snippet:-1","max-image-preview":"max-image-preview:large","max-video-preview":"max-video-preview:-1"},"canonical":"https:\/\/spiritsofrental.com\/es\/faqs\/","og_locale":"es_ES","og_type":"article","og_title":"FAQ | Spirits of Speed Rental","og_description":"Nuestros coches de alquiler de lujo en Barcelona est\u00e1n dise\u00f1ados para ofrecerle el m\u00e1ximo confort, rendimiento y estilo, mientras est\u00e9 en Espa\u00f1a.","og_url":"https:\/\/spiritsofrental.com\/es\/faqs\/","og_site_name":"Spirits of Speed","article_publisher":"https:\/\/www.facebook.com\/spiritsofspeed\/","article_modified_time":"2023-05-24T11:00:59+00:00","og_image":[{"width":1920,"height":999,"url":"https:\/\/spiritsofrental.com\/wp-content\/uploads\/2023\/03\/spirits-of-speed-rovelver-img-gallery-04.jpg","type":"image\/jpeg"}],"twitter_card":"summary_large_image","twitter_misc":{"Tiempo de lectura":"6 minutos"},"schema":{"@context":"https:\/\/schema.org","@graph":[{"@type":"WebPage","@id":"https:\/\/spiritsofrental.com\/es\/faqs\/","url":"https:\/\/spiritsofrental.com\/es\/faqs\/","name":"FAQ | Spirits of Speed Rental","isPartOf":{"@id":"https:\/\/spiritsofrental.com\/es\/#website"},"primaryImageOfPage":{"@id":"https:\/\/spiritsofrental.com\/es\/faqs\/#primaryimage"},"image":{"@id":"https:\/\/spiritsofrental.com\/es\/faqs\/#primaryimage"},"thumbnailUrl":"https:\/\/spiritsofrental.com\/wp-content\/uploads\/2023\/03\/spirits-of-speed-rovelver-img-gallery-04.jpg","datePublished":"2023-05-15T15:09:19+00:00","dateModified":"2023-05-24T11:00:59+00:00","description":"Nuestros coches de alquiler de lujo en Barcelona est\u00e1n dise\u00f1ados para ofrecerle el m\u00e1ximo confort, rendimiento y estilo, mientras est\u00e9 en Espa\u00f1a.","breadcrumb":{"@id":"https:\/\/spiritsofrental.com\/es\/faqs\/#breadcrumb"},"inLanguage":"es","potentialAction":[{"@type":"ReadAction","target":["https:\/\/spiritsofrental.com\/es\/faqs\/"]}]},{"@type":"ImageObject","inLanguage":"es","@id":"https:\/\/spiritsofrental.com\/es\/faqs\/#primaryimage","url":"https:\/\/spiritsofrental.com\/wp-content\/uploads\/2023\/03\/spirits-of-speed-rovelver-img-gallery-04.jpg","contentUrl":"https:\/\/spiritsofrental.com\/wp-content\/uploads\/2023\/03\/spirits-of-speed-rovelver-img-gallery-04.jpg","width":1920,"height":999},{"@type":"BreadcrumbList","@id":"https:\/\/spiritsofrental.com\/es\/faqs\/#breadcrumb","itemListElement":[{"@type":"ListItem","position":1,"name":"Home","item":"https:\/\/spiritsofrental.com\/es\/"},{"@type":"ListItem","position":2,"name":"FAQs"}]},{"@type":"WebSite","@id":"https:\/\/spiritsofrental.com\/es\/#website","url":"https:\/\/spiritsofrental.com\/es\/","name":"Spirits of Rental","description":"Luxury Car Rental in Barcelona","publisher":{"@id":"https:\/\/spiritsofrental.com\/es\/#organization"},"potentialAction":[{"@type":"SearchAction","target":{"@type":"EntryPoint","urlTemplate":"https:\/\/spiritsofrental.com\/es\/?s={search_term_string}"},"query-input":{"@type":"PropertyValueSpecification","valueRequired":true,"valueName":"search_term_string"}}],"inLanguage":"es"},{"@type":"Organization","@id":"https:\/\/spiritsofrental.com\/es\/#organization","name":"Spirits of Speed","url":"https:\/\/spiritsofrental.com\/es\/","logo":{"@type":"ImageObject","inLanguage":"es","@id":"https:\/\/spiritsofrental.com\/es\/#\/schema\/logo\/image\/","url":"https:\/\/spiritsofrental.com\/wp-content\/uploads\/2023\/03\/spirits-of-speed-logo-light.webp","contentUrl":"https:\/\/spiritsofrental.com\/wp-content\/uploads\/2023\/03\/spirits-of-speed-logo-light.webp","width":800,"height":158,"caption":"Spirits of Speed"},"image":{"@id":"https:\/\/spiritsofrental.com\/es\/#\/schema\/logo\/image\/"},"sameAs":["https:\/\/www.facebook.com\/spiritsofspeed\/","https:\/\/www.linkedin.com\/company\/spirits-of-speed\/","https:\/\/www.youtube.com\/channel\/UCgT4KlXMzPk-8s0bNkyIsyw"]}]}},"_links":{"self":[{"href":"https:\/\/spiritsofrental.com\/es\/wp-json\/wp\/v2\/pages\/119312","targetHints":{"allow":["GET"]}}],"collection":[{"href":"https:\/\/spiritsofrental.com\/es\/wp-json\/wp\/v2\/pages"}],"about":[{"href":"https:\/\/spiritsofrental.com\/es\/wp-json\/wp\/v2\/types\/page"}],"author":[{"embeddable":true,"href":"https:\/\/spiritsofrental.com\/es\/wp-json\/wp\/v2\/users\/1"}],"replies":[{"embeddable":true,"href":"https:\/\/spiritsofrental.com\/es\/wp-json\/wp\/v2\/comments?post=119312"}],"version-history":[{"count":6,"href":"https:\/\/spiritsofrental.com\/es\/wp-json\/wp\/v2\/pages\/119312\/revisions"}],"predecessor-version":[{"id":119517,"href":"https:\/\/spiritsofrental.com\/es\/wp-json\/wp\/v2\/pages\/119312\/revisions\/119517"}],"wp:featuredmedia":[{"embeddable":true,"href":"https:\/\/spiritsofrental.com\/es\/wp-json\/wp\/v2\/media\/118562"}],"wp:attachment":[{"href":"https:\/\/spiritsofrental.com\/es\/wp-json\/wp\/v2\/media?parent=119312"}],"curies":[{"name":"wp","href":"https:\/\/api.w.org\/{rel}","templated":true}]}}