{"id":119268,"date":"2023-05-15T16:33:21","date_gmt":"2023-05-15T14:33:21","guid":{"rendered":"https:\/\/spiritsofrental.com\/?page_id=119268"},"modified":"2023-05-19T09:35:56","modified_gmt":"2023-05-19T07:35:56","slug":"terminos-y-condiciones","status":"publish","type":"page","link":"https:\/\/spiritsofrental.com\/es\/terminos-y-condiciones\/","title":{"rendered":"T\u00e9rminos y condiciones"},"content":{"rendered":"<div class=\"wpb-content-wrapper\">[vc_row row_height_percent=\u00bb0&#8243; override_padding=\u00bbyes\u00bb h_padding=\u00bb0&#8243; top_padding=\u00bb3&#8243; bottom_padding=\u00bb3&#8243; overlay_alpha=\u00bb50&#8243; gutter_size=\u00bb3&#8243; column_width_percent=\u00bb100&#8243; shift_y=\u00bb0&#8243; z_index=\u00bb0&#8243; uncode_shortcode_id=\u00bb121130&#8243;][vc_column][vc_single_image media=\u00bb117749&#8243; media_width_percent=\u00bb50&#8243; uncode_shortcode_id=\u00bb152820&#8243;][vc_custom_heading auto_text=\u00bbyes\u00bb text_transform=\u00bbuppercase\u00bb uncode_shortcode_id=\u00bb715969&#8243;]This is a custom heading element.[\/vc_custom_heading][vc_column_text uncode_shortcode_id=\u00bb491803&#8243;]<\/p>\r\n<p>Lea atentamente nuestros t\u00e9rminos y condiciones para obtener una comprensi\u00f3n clara del servicio.<\/p>\r\n<p><strong>Pol\u00edtica de pago en l\u00ednea:<\/strong><\/p>\r\n<p>Cualquier persona que pague en l\u00ednea debe usar sus propias tarjetas de cr\u00e9dito o d\u00e9bito personales. En caso contrario, no se podr\u00e1 adjudicar el servicio.<\/p>\r\n<p><strong>Condiciones de facturaci\u00f3n y pago:<\/strong><\/p>\r\n<ul>\r\n<li>Todos los per\u00edodos de alquiler se calculan sobre una base de 24 horas. Por ejemplo, un alquiler de un d\u00eda a partir de las 9 a.m. debe devolverse antes de las 9 a.m. del d\u00eda siguiente. Cualquier retraso, por ejemplo, si el coche se devuelve a las 5:00 p.m. del d\u00eda siguiente, dar\u00e1 como resultado el cobro de un d\u00eda adicional.<\/li>\r\n<li>Nuestra factura se emitir\u00e1 el d\u00eda que recoja su autom\u00f3vil, antes del plazo del alquiler (es decir, un prepago) y debe liquidarse en su totalidad de inmediato.<\/li>\r\n<li>En caso de que el cliente desee ampliar su contrato de alquiler por d\u00edas extras, deber\u00e1 informarnos previamente a la ampliaci\u00f3n. En caso contrario, la pr\u00f3rroga se cobrar\u00e1 seg\u00fan el precio normal diario de temporada.<\/li>\r\n<li>El pago de la pr\u00f3rroga debe hacerse por adelantado, de lo contrario la pr\u00f3rroga no ser\u00e1 v\u00e1lida.<\/li>\r\n<\/ul>\r\n<p><strong>Cancelaci\u00f3n:<\/strong><\/p>\r\n<ul>\r\n<li>Su reserva no se puede cancelar una vez que se procesa el pago del alquiler.<\/li>\r\n<li>No podemos emitir ning\u00fan reembolso una vez que se reserva el autom\u00f3vil.<\/li>\r\n<li>El costo de la cancelaci\u00f3n variar\u00e1 dependiendo de la fecha de notificaci\u00f3n respecto a la fecha de alquiler.<\/li>\r\n<\/ul>\r\n<p>o 1 semana de aviso previo corresponde a un reembolso del 100%<\/p>\r\n<p>o 3 d\u00edas de antelaci\u00f3n corresponde a la devoluci\u00f3n del 50%<\/p>\r\n<p><strong>Conductores y requisitos de licencia:<\/strong><\/p>\r\n<p>Todos los conductores deben ser mayores de 25 a\u00f1os y 3 a\u00f1os de licencia de conducir.<\/p>\r\n<p>Los conductores deben proporcionar una licencia internacional o nacional (local) v\u00e1lida, algunas licencias locales no se aceptan, nuestro equipo de ventas verificar\u00e1 la validez de su licencia antes de alquilarle el autom\u00f3vil.<\/p>\r\n<p>Los conductores no deben estar bajo la influencia del alcohol o las drogas mientras conducen el veh\u00edculo. Se denegar\u00e1n todas las reclamaciones de seguros que resulten de conducir bajo la influencia y usted ser\u00e1 responsable de todas las reparaciones de da\u00f1os resultantes.<\/p>\r\n<p>Es principalmente su responsabilidad asegurarse de que es elegible para conducir un autom\u00f3vil alquilado de conformidad con las leyes de la Uni\u00f3n Europea y Espa\u00f1a.<\/p>\r\n<p><strong>Entrega:<\/strong><\/p>\r\n<p>La entrega fuera del estado de Espa\u00f1a est\u00e1 sujeta a una tarifa (dependiendo de la ubicaci\u00f3n de la otra ciudad).<\/p>\r\n<p>El conductor debe mostrar los documentos v\u00e1lidos originales al recibir el autom\u00f3vil.<\/p>\r\n<p>El conductor puede tomar un video o una foto del estado actual del autom\u00f3vil antes de firmar el contrato.<\/p>\r\n<p><strong>Restricciones:<\/strong><\/p>\r\n<p>Est\u00e1 estrictamente prohibido fumar en nuestros veh\u00edculos, ya que da\u00f1a nuestros veh\u00edculos y es un peligro para la seguridad mientras se conduce. Fumar en nuestros veh\u00edculos puede suponer un cargo de hasta 500\u20ac.<\/p>\r\n<p>El conductor debe devolver el auto en las mismas condiciones en que lo recibi\u00f3, si el auto est\u00e1 sucio o tiene restos de comida o manchas, esto resultar\u00e1 en un cargo.<\/p>\r\n<p>Quedan estrictamente prohibidos los veh\u00edculos todoterreno, los rallies, las carreras o el &#8216;drifting&#8217; en nuestros veh\u00edculos. Ir a carreras y pistas no est\u00e1 permitido.<\/p>\r\n<p>El cliente no puede conducir a m\u00e1s de 160 km\/h. Si el conductor supera este l\u00edmite de velocidad, se le cobrar\u00e1n 2000 AED en el segundo intento, y en el tercer intento apagaremos el autom\u00f3vil y no se reembolsar\u00e1 el per\u00edodo de alquiler restante.<\/p>\r\n<p>Se pueden permitir mascotas en nuestros veh\u00edculos, sin embargo, se cobrar\u00e1n penalizaciones por limpieza y da\u00f1os, sin excepciones.<\/p>\r\n<p>Se cobrar\u00e1n hasta 500\u20ac si el coche se devuelve con el interior muy sucio (basura en el suelo, restos de comida, etc.).<\/p>\r\n<p><strong>Uso a distancia:<\/strong><\/p>\r\n<p>Nuestra oferta se basa en un uso m\u00e1ximo basado en la cantidad de kil\u00f3metros establecidos en su contrato, generalmente 150 KM por d\u00eda. El uso adicional se cobrar\u00e1 seg\u00fan la tarifa del contrato.<\/p>\r\n<p>[\/vc_column_text][\/vc_column][\/vc_row]<\/p><\/div>","protected":false},"excerpt":{"rendered":"<p>[vc_row row_height_percent=\u00bb0&#8243; override_padding=\u00bbyes\u00bb h_padding=\u00bb0&#8243; top_padding=\u00bb3&#8243; bottom_padding=\u00bb3&#8243; overlay_alpha=\u00bb50&#8243; gutter_size=\u00bb3&#8243; column_width_percent=\u00bb100&#8243; shift_y=\u00bb0&#8243; z_index=\u00bb0&#8243; uncode_shortcode_id=\u00bb121130&#8243;][vc_column][vc_single_image media=\u00bb117749&#8243; media_width_percent=\u00bb50&#8243; uncode_shortcode_id=\u00bb152820&#8243;][vc_custom_heading auto_text=\u00bbyes\u00bb text_transform=\u00bbuppercase\u00bb uncode_shortcode_id=\u00bb715969&#8243;]This is a [&hellip;]<\/p>\n","protected":false},"author":1,"featured_media":0,"parent":0,"menu_order":0,"comment_status":"closed","ping_status":"closed","template":"","meta":{"footnotes":""},"class_list":["post-119268","page","type-page","status-publish","hentry"],"yoast_head":"<!-- This site is optimized with the Yoast SEO plugin v27.5 - https:\/\/yoast.com\/product\/yoast-seo-wordpress\/ -->\n<title>T\u00e9rminos y condiciones | Spirits of Speed<\/title>\n<meta name=\"robots\" content=\"index, follow, max-snippet:-1, max-image-preview:large, max-video-preview:-1\" \/>\n<link rel=\"canonical\" href=\"https:\/\/spiritsofrental.com\/es\/terminos-y-condiciones\/\" \/>\n<meta property=\"og:locale\" content=\"es_ES\" \/>\n<meta property=\"og:type\" content=\"article\" \/>\n<meta property=\"og:title\" content=\"T\u00e9rminos y condiciones | Spirits of Speed\" \/>\n<meta property=\"og:description\" content=\"[vc_row row_height_percent=\u00bb0&#8243; override_padding=\u00bbyes\u00bb h_padding=\u00bb0&#8243; top_padding=\u00bb3&#8243; bottom_padding=\u00bb3&#8243; overlay_alpha=\u00bb50&#8243; gutter_size=\u00bb3&#8243; column_width_percent=\u00bb100&#8243; shift_y=\u00bb0&#8243; z_index=\u00bb0&#8243; uncode_shortcode_id=\u00bb121130&#8243;][vc_column][vc_single_image media=\u00bb117749&#8243; media_width_percent=\u00bb50&#8243; uncode_shortcode_id=\u00bb152820&#8243;][vc_custom_heading auto_text=\u00bbyes\u00bb text_transform=\u00bbuppercase\u00bb uncode_shortcode_id=\u00bb715969&#8243;]This is a [&hellip;]\" \/>\n<meta property=\"og:url\" content=\"https:\/\/spiritsofrental.com\/es\/terminos-y-condiciones\/\" \/>\n<meta property=\"og:site_name\" content=\"Spirits of Speed\" \/>\n<meta property=\"article:publisher\" content=\"https:\/\/www.facebook.com\/spiritsofspeed\/\" \/>\n<meta property=\"article:modified_time\" content=\"2023-05-19T07:35:56+00:00\" \/>\n<meta property=\"og:image\" content=\"https:\/\/spiritsofrental.com\/wp-content\/uploads\/2023\/03\/spirits-of-speed-rolls-royce-featured.webp\" \/>\n\t<meta property=\"og:image:width\" content=\"1920\" \/>\n\t<meta property=\"og:image:height\" content=\"1080\" \/>\n\t<meta property=\"og:image:type\" content=\"image\/webp\" \/>\n<meta name=\"twitter:card\" content=\"summary_large_image\" \/>\n<meta name=\"twitter:label1\" content=\"Tiempo de lectura\" \/>\n\t<meta name=\"twitter:data1\" content=\"1 minuto\" \/>\n<script type=\"application\/ld+json\" class=\"yoast-schema-graph\">{\"@context\":\"https:\\\/\\\/schema.org\",\"@graph\":[{\"@type\":\"WebPage\",\"@id\":\"https:\\\/\\\/spiritsofrental.com\\\/es\\\/terminos-y-condiciones\\\/\",\"url\":\"https:\\\/\\\/spiritsofrental.com\\\/es\\\/terminos-y-condiciones\\\/\",\"name\":\"T\u00e9rminos y condiciones | Spirits of Speed\",\"isPartOf\":{\"@id\":\"https:\\\/\\\/spiritsofrental.com\\\/es\\\/#website\"},\"datePublished\":\"2023-05-15T14:33:21+00:00\",\"dateModified\":\"2023-05-19T07:35:56+00:00\",\"breadcrumb\":{\"@id\":\"https:\\\/\\\/spiritsofrental.com\\\/es\\\/terminos-y-condiciones\\\/#breadcrumb\"},\"inLanguage\":\"es\",\"potentialAction\":[{\"@type\":\"ReadAction\",\"target\":[\"https:\\\/\\\/spiritsofrental.com\\\/es\\\/terminos-y-condiciones\\\/\"]}]},{\"@type\":\"BreadcrumbList\",\"@id\":\"https:\\\/\\\/spiritsofrental.com\\\/es\\\/terminos-y-condiciones\\\/#breadcrumb\",\"itemListElement\":[{\"@type\":\"ListItem\",\"position\":1,\"name\":\"Home\",\"item\":\"https:\\\/\\\/spiritsofrental.com\\\/es\\\/\"},{\"@type\":\"ListItem\",\"position\":2,\"name\":\"T\u00e9rminos y condiciones\"}]},{\"@type\":\"WebSite\",\"@id\":\"https:\\\/\\\/spiritsofrental.com\\\/es\\\/#website\",\"url\":\"https:\\\/\\\/spiritsofrental.com\\\/es\\\/\",\"name\":\"Spirits of Rental\",\"description\":\"Luxury Car Rental in Barcelona\",\"publisher\":{\"@id\":\"https:\\\/\\\/spiritsofrental.com\\\/es\\\/#organization\"},\"potentialAction\":[{\"@type\":\"SearchAction\",\"target\":{\"@type\":\"EntryPoint\",\"urlTemplate\":\"https:\\\/\\\/spiritsofrental.com\\\/es\\\/?s={search_term_string}\"},\"query-input\":{\"@type\":\"PropertyValueSpecification\",\"valueRequired\":true,\"valueName\":\"search_term_string\"}}],\"inLanguage\":\"es\"},{\"@type\":\"Organization\",\"@id\":\"https:\\\/\\\/spiritsofrental.com\\\/es\\\/#organization\",\"name\":\"Spirits of Speed\",\"url\":\"https:\\\/\\\/spiritsofrental.com\\\/es\\\/\",\"logo\":{\"@type\":\"ImageObject\",\"inLanguage\":\"es\",\"@id\":\"https:\\\/\\\/spiritsofrental.com\\\/es\\\/#\\\/schema\\\/logo\\\/image\\\/\",\"url\":\"https:\\\/\\\/spiritsofrental.com\\\/wp-content\\\/uploads\\\/2023\\\/03\\\/spirits-of-speed-logo-light.webp\",\"contentUrl\":\"https:\\\/\\\/spiritsofrental.com\\\/wp-content\\\/uploads\\\/2023\\\/03\\\/spirits-of-speed-logo-light.webp\",\"width\":800,\"height\":158,\"caption\":\"Spirits of Speed\"},\"image\":{\"@id\":\"https:\\\/\\\/spiritsofrental.com\\\/es\\\/#\\\/schema\\\/logo\\\/image\\\/\"},\"sameAs\":[\"https:\\\/\\\/www.facebook.com\\\/spiritsofspeed\\\/\",\"https:\\\/\\\/www.linkedin.com\\\/company\\\/spirits-of-speed\\\/\",\"https:\\\/\\\/www.youtube.com\\\/channel\\\/UCgT4KlXMzPk-8s0bNkyIsyw\"]}]}<\/script>\n<!-- \/ Yoast SEO plugin. -->","yoast_head_json":{"title":"T\u00e9rminos y condiciones | Spirits of Speed","robots":{"index":"index","follow":"follow","max-snippet":"max-snippet:-1","max-image-preview":"max-image-preview:large","max-video-preview":"max-video-preview:-1"},"canonical":"https:\/\/spiritsofrental.com\/es\/terminos-y-condiciones\/","og_locale":"es_ES","og_type":"article","og_title":"T\u00e9rminos y condiciones | Spirits of Speed","og_description":"[vc_row row_height_percent=\u00bb0&#8243; override_padding=\u00bbyes\u00bb h_padding=\u00bb0&#8243; top_padding=\u00bb3&#8243; bottom_padding=\u00bb3&#8243; overlay_alpha=\u00bb50&#8243; gutter_size=\u00bb3&#8243; column_width_percent=\u00bb100&#8243; shift_y=\u00bb0&#8243; z_index=\u00bb0&#8243; uncode_shortcode_id=\u00bb121130&#8243;][vc_column][vc_single_image media=\u00bb117749&#8243; media_width_percent=\u00bb50&#8243; uncode_shortcode_id=\u00bb152820&#8243;][vc_custom_heading auto_text=\u00bbyes\u00bb text_transform=\u00bbuppercase\u00bb uncode_shortcode_id=\u00bb715969&#8243;]This is a [&hellip;]","og_url":"https:\/\/spiritsofrental.com\/es\/terminos-y-condiciones\/","og_site_name":"Spirits of Speed","article_publisher":"https:\/\/www.facebook.com\/spiritsofspeed\/","article_modified_time":"2023-05-19T07:35:56+00:00","og_image":[{"width":1920,"height":1080,"url":"https:\/\/spiritsofrental.com\/wp-content\/uploads\/2023\/03\/spirits-of-speed-rolls-royce-featured.webp","type":"image\/webp"}],"twitter_card":"summary_large_image","twitter_misc":{"Tiempo de lectura":"1 minuto"},"schema":{"@context":"https:\/\/schema.org","@graph":[{"@type":"WebPage","@id":"https:\/\/spiritsofrental.com\/es\/terminos-y-condiciones\/","url":"https:\/\/spiritsofrental.com\/es\/terminos-y-condiciones\/","name":"T\u00e9rminos y condiciones | Spirits of Speed","isPartOf":{"@id":"https:\/\/spiritsofrental.com\/es\/#website"},"datePublished":"2023-05-15T14:33:21+00:00","dateModified":"2023-05-19T07:35:56+00:00","breadcrumb":{"@id":"https:\/\/spiritsofrental.com\/es\/terminos-y-condiciones\/#breadcrumb"},"inLanguage":"es","potentialAction":[{"@type":"ReadAction","target":["https:\/\/spiritsofrental.com\/es\/terminos-y-condiciones\/"]}]},{"@type":"BreadcrumbList","@id":"https:\/\/spiritsofrental.com\/es\/terminos-y-condiciones\/#breadcrumb","itemListElement":[{"@type":"ListItem","position":1,"name":"Home","item":"https:\/\/spiritsofrental.com\/es\/"},{"@type":"ListItem","position":2,"name":"T\u00e9rminos y condiciones"}]},{"@type":"WebSite","@id":"https:\/\/spiritsofrental.com\/es\/#website","url":"https:\/\/spiritsofrental.com\/es\/","name":"Spirits of Rental","description":"Luxury Car Rental in Barcelona","publisher":{"@id":"https:\/\/spiritsofrental.com\/es\/#organization"},"potentialAction":[{"@type":"SearchAction","target":{"@type":"EntryPoint","urlTemplate":"https:\/\/spiritsofrental.com\/es\/?s={search_term_string}"},"query-input":{"@type":"PropertyValueSpecification","valueRequired":true,"valueName":"search_term_string"}}],"inLanguage":"es"},{"@type":"Organization","@id":"https:\/\/spiritsofrental.com\/es\/#organization","name":"Spirits of Speed","url":"https:\/\/spiritsofrental.com\/es\/","logo":{"@type":"ImageObject","inLanguage":"es","@id":"https:\/\/spiritsofrental.com\/es\/#\/schema\/logo\/image\/","url":"https:\/\/spiritsofrental.com\/wp-content\/uploads\/2023\/03\/spirits-of-speed-logo-light.webp","contentUrl":"https:\/\/spiritsofrental.com\/wp-content\/uploads\/2023\/03\/spirits-of-speed-logo-light.webp","width":800,"height":158,"caption":"Spirits of Speed"},"image":{"@id":"https:\/\/spiritsofrental.com\/es\/#\/schema\/logo\/image\/"},"sameAs":["https:\/\/www.facebook.com\/spiritsofspeed\/","https:\/\/www.linkedin.com\/company\/spirits-of-speed\/","https:\/\/www.youtube.com\/channel\/UCgT4KlXMzPk-8s0bNkyIsyw"]}]}},"_links":{"self":[{"href":"https:\/\/spiritsofrental.com\/es\/wp-json\/wp\/v2\/pages\/119268","targetHints":{"allow":["GET"]}}],"collection":[{"href":"https:\/\/spiritsofrental.com\/es\/wp-json\/wp\/v2\/pages"}],"about":[{"href":"https:\/\/spiritsofrental.com\/es\/wp-json\/wp\/v2\/types\/page"}],"author":[{"embeddable":true,"href":"https:\/\/spiritsofrental.com\/es\/wp-json\/wp\/v2\/users\/1"}],"replies":[{"embeddable":true,"href":"https:\/\/spiritsofrental.com\/es\/wp-json\/wp\/v2\/comments?post=119268"}],"version-history":[{"count":2,"href":"https:\/\/spiritsofrental.com\/es\/wp-json\/wp\/v2\/pages\/119268\/revisions"}],"predecessor-version":[{"id":119489,"href":"https:\/\/spiritsofrental.com\/es\/wp-json\/wp\/v2\/pages\/119268\/revisions\/119489"}],"wp:attachment":[{"href":"https:\/\/spiritsofrental.com\/es\/wp-json\/wp\/v2\/media?parent=119268"}],"curies":[{"name":"wp","href":"https:\/\/api.w.org\/{rel}","templated":true}]}}