{"id":118854,"date":"2023-02-27T04:50:00","date_gmt":"2023-02-27T03:50:00","guid":{"rendered":"https:\/\/spiritsofrental.com\/privacy-policy\/"},"modified":"2023-05-19T11:19:48","modified_gmt":"2023-05-19T09:19:48","slug":"politica-de-privacidad","status":"publish","type":"page","link":"https:\/\/spiritsofrental.com\/es\/politica-de-privacidad\/","title":{"rendered":"Pol\u00edtica de privacidad"},"content":{"rendered":"<div class=\"wpb-content-wrapper\">[vc_row row_height_percent=\u00bb0&#8243; override_padding=\u00bbyes\u00bb h_padding=\u00bb0&#8243; top_padding=\u00bb3&#8243; bottom_padding=\u00bb3&#8243; overlay_alpha=\u00bb50&#8243; gutter_size=\u00bb3&#8243; column_width_percent=\u00bb100&#8243; shift_y=\u00bb0&#8243; z_index=\u00bb0&#8243; uncode_shortcode_id=\u00bb121130&#8243;][vc_column][vc_single_image media=\u00bb117749&#8243; media_width_percent=\u00bb50&#8243; uncode_shortcode_id=\u00bb152820&#8243;][vc_custom_heading auto_text=\u00bbyes\u00bb text_transform=\u00bbuppercase\u00bb uncode_shortcode_id=\u00bb715969&#8243;]This is a custom heading element.<\/p>\r\n<p>[\/vc_custom_heading][vc_column_text uncode_shortcode_id=\u00bb112780&#8243;]<\/p>\r\n<p>La confidencialidad y la seguridad son valores primordiales de Spirits of speed y, en consecuencia, asumimos el compromiso de garantizar la privacidad del Usuario en todo momento y de no recabar informaci\u00f3n innecesaria. A continuaci\u00f3n, le proporcionamos toda la informaci\u00f3n necesaria sobre nuestra Pol\u00edtica de Privacidad en relaci\u00f3n con la informaci\u00f3n personal que recopilamos:<\/p>\r\n<ul>\r\n<li>Qui\u00e9n es el responsable del tratamiento de sus datos.<\/li>\r\n<li>Con qu\u00e9 finalidades recabamos los datos que le solicitamos.<\/li>\r\n<li>Cu\u00e1l es la legitimaci\u00f3n para su tratamiento.<\/li>\r\n<li>Cu\u00e1nto tiempo los mantenemos.<\/li>\r\n<li>Con qu\u00e9 destinatarios se comparten sus datos.<\/li>\r\n<li>\u00bfCu\u00e1les son tus derechos?<\/li>\r\n<\/ul>\r\n<ol>\r\n<li><strong> Responsable:<\/strong><\/li>\r\n<\/ol>\r\n<p>Spirits of Speed (B67213033)<\/p>\r\n<ul>\r\n<li>Carrer de les Ci\u00e8ncies 114 -118, 08908 L&#8217;Hospitalet de Llobregat, Espa\u00f1a<\/li>\r\n<li>correo electr\u00f3nico: info@spiritsofspeed.com<\/li>\r\n<\/ul>\r\n<ol start=\"2\">\r\n<li><strong> Finalidades, legitimaci\u00f3n y conservaci\u00f3n de los tratamientos de datos enviados a trav\u00e9s de:<\/strong><\/li>\r\n<\/ol>\r\n<ul>\r\n<li>FORMULARIO DE CONTACTO<\/li>\r\n<\/ul>\r\n<p>Finalidad: Facilitarle un medio para que pueda contactar con nosotros y atender sus solicitudes de informaci\u00f3n, as\u00ed como enviarle comunicaciones sobre nuestros productos, servicios y actividades, incluso por medios electr\u00f3nicos (Correo electr\u00f3nico, SMS, WhatsApp), si marca la casilla de aceptaci\u00f3n.<\/p>\r\n<p>Legitimaci\u00f3n: El consentimiento del usuario al solicitarnos informaci\u00f3n a trav\u00e9s de nuestro formulario de contacto y al marcar la casilla de aceptaci\u00f3n de env\u00edo de informaci\u00f3n. Conservaci\u00f3n: Una vez enviada su solicitud a trav\u00e9s de nuestro formulario o contestada por correo electr\u00f3nico, y si ha aceptado recibir informaci\u00f3n comercial, hasta que solicite lo contrario.<\/p>\r\n<ul>\r\n<li>ENV\u00cdO DE CORREOS ELECTR\u00d3NICOS<\/li>\r\n<\/ul>\r\n<p>Finalidad: Responder a sus solicitudes de informaci\u00f3n, atender sus solicitudes y atender sus consultas o dudas.<\/p>\r\n<p>Legitimaci\u00f3n: El consentimiento del usuario para solicitar informaci\u00f3n a trav\u00e9s de la direcci\u00f3n de correo electr\u00f3nico. Conservaci\u00f3n: Una vez resuelta su solicitud por correo electr\u00f3nico, y si se le ha enviado informaci\u00f3n comercial, permanecer\u00e1 en nuestra base de datos hasta que solicite lo contrario.<\/p>\r\n<ul>\r\n<li>ENV\u00cdO DEL CURRICULUM VITAE POR E-MAIL<\/li>\r\n<\/ul>\r\n<p>Finalidad: Disponer de su curr\u00edculum para participar en nuestro proceso de selecci\u00f3n de personal.<\/p>\r\n<p>Legitimaci\u00f3n: El consentimiento del usuario al enviarnos sus datos personales y curr\u00edculum para nuestro proceso de selecci\u00f3n de personal.<\/p>\r\n<p>Conservaci\u00f3n: Durante los procesos de selecci\u00f3n de personal y un a\u00f1o despu\u00e9s.<\/p>\r\n<ol start=\"3\">\r\n<li><strong> Destinatarios de tus datos<\/strong><\/li>\r\n<\/ol>\r\n<p>Sus datos son confidenciales y no ser\u00e1n cedidos a terceros, salvo obligaci\u00f3n legal.<\/p>\r\n<ol start=\"4\">\r\n<li><strong> Derechos en relaci\u00f3n con sus datos personales<\/strong><\/li>\r\n<\/ol>\r\n<p>Cualquier persona puede retirar su consentimiento en cualquier momento, cuando el mismo se haya otorgado para el tratamiento de sus datos. En ning\u00fan caso, la retirada de este consentimiento condiciona la ejecuci\u00f3n del contrato de suscripci\u00f3n o las relaciones generadas con anterioridad.<\/p>\r\n<p>Asimismo, podr\u00e1 ejercer los siguientes derechos:<\/p>\r\n<ul>\r\n<li>Solicitar el acceso a sus datos personales o su rectificaci\u00f3n cuando sean inexactos.<\/li>\r\n<li>Solicitar su supresi\u00f3n cuando, entre otros motivos, los datos ya no sean necesarios para los fines que fueron recogidos.<\/li>\r\n<li>Solicitar la limitaci\u00f3n del tratamiento en determinadas circunstancias.<\/li>\r\n<li>Solicitar la oposici\u00f3n al tratamiento de sus datos por motivos relacionados con su situaci\u00f3n particular.<\/li>\r\n<li>Solicitar la portabilidad de los datos en los casos previstos reglamentariamente.<\/li>\r\n<li>Los dem\u00e1s derechos reconocidos en la normativa aplicable.<\/li>\r\n<\/ul>\r\n<p>D\u00f3nde y c\u00f3mo solicitar sus derechos: Mediante carta dirigida al responsable a nuestra direcci\u00f3n postal o electr\u00f3nica (indicada en el apartado A), indicando la referencia \u201cDatos Personales\u201d, especificando el derecho a ejercer y a respetar su informaci\u00f3n personal.<\/p>\r\n<p>En caso de discrepancias con la empresa en relaci\u00f3n con el tratamiento de sus datos, puede presentar una reclamaci\u00f3n ante la Autoridad de Protecci\u00f3n de Datos (www.agpd.es).<\/p>\r\n<ol start=\"5\">\r\n<li><strong> Cookies<\/strong><\/li>\r\n<\/ol>\r\n<p>Este sitio web \u00fanicamente utiliza cookies t\u00e9cnicas, de personalizaci\u00f3n y de an\u00e1lisis, propias y de terceros (Google Analytics), que en ning\u00fan caso tratan datos de car\u00e1cter personal ni captan h\u00e1bitos de navegaci\u00f3n con fines publicitarios.<\/p>\r\n<p>Por ello, al acceder a nuestro sitio web, en cumplimiento del art\u00edculo 22 de la Ley de Servicios de la Sociedad de la Informaci\u00f3n, al tratar cookies de an\u00e1lisis, hemos solicitado el consentimiento del usuario para su uso y facilitada informaci\u00f3n, que en todo caso se instalar\u00e1 transcurrido un plazo razonable. per\u00edodo de tiempo para que el usuario tenga tiempo de decidir si presta o no su consentimiento.<\/p>\r\n<ol start=\"6\">\r\n<li><strong> Seguridad de sus datos personales<\/strong><\/li>\r\n<\/ol>\r\n<p>Con el objetivo de salvaguardar la seguridad de sus datos personales, le informamos que hemos adoptado todas las medidas de \u00edndole t\u00e9cnica y organizativa necesarias para garantizar la seguridad de los datos personales de la p\u00e9rdida, alteraci\u00f3n, tratamiento y acceso no autorizado.<\/p>\r\n<ol start=\"7\">\r\n<li><strong> Actualice sus datos<\/strong><\/li>\r\n<\/ol>\r\n<p>Es importante para nosotros mantener su informaci\u00f3n personal actualizada. Inf\u00f3rmanos siempre si ha habido alg\u00fan cambio, de lo contrario no seremos responsables de su veracidad.<\/p>\r\n<p>No nos hacemos responsables de la pol\u00edtica de privacidad respecto a los datos personales que pueda facilitar a terceros a trav\u00e9s de los enlaces disponibles en nuestra web.<\/p>\r\n<p>La presente Pol\u00edtica de Privacidad puede modificarse para adaptarse a los cambios que se produzcan en nuestro sitio web, as\u00ed como a los cambios legislativos o jurisprudenciales sobre los datos personales que se produzcan, por lo que es de obligada lectura, cada vez que nos facilite sus datos a trav\u00e9s de este sitio web.<\/p>\r\n<p>[\/vc_column_text][\/vc_column][\/vc_row]<\/p><\/div>","protected":false},"excerpt":{"rendered":"<p>[vc_row row_height_percent=\u00bb0&#8243; override_padding=\u00bbyes\u00bb h_padding=\u00bb0&#8243; top_padding=\u00bb3&#8243; bottom_padding=\u00bb3&#8243; overlay_alpha=\u00bb50&#8243; gutter_size=\u00bb3&#8243; column_width_percent=\u00bb100&#8243; shift_y=\u00bb0&#8243; z_index=\u00bb0&#8243; uncode_shortcode_id=\u00bb121130&#8243;][vc_column][vc_single_image media=\u00bb117749&#8243; media_width_percent=\u00bb50&#8243; uncode_shortcode_id=\u00bb152820&#8243;][vc_custom_heading auto_text=\u00bbyes\u00bb text_transform=\u00bbuppercase\u00bb uncode_shortcode_id=\u00bb715969&#8243;]This is a [&hellip;]<\/p>\n","protected":false},"author":1,"featured_media":0,"parent":0,"menu_order":0,"comment_status":"closed","ping_status":"open","template":"","meta":{"footnotes":""},"class_list":["post-118854","page","type-page","status-publish","hentry"],"yoast_head":"<!-- This site is optimized with the Yoast SEO plugin v27.4 - https:\/\/yoast.com\/product\/yoast-seo-wordpress\/ -->\n<title>Pol\u00edtica de privacidad | Spirits of Speed<\/title>\n<meta name=\"robots\" content=\"index, follow, max-snippet:-1, max-image-preview:large, max-video-preview:-1\" \/>\n<link rel=\"canonical\" href=\"https:\/\/spiritsofrental.com\/es\/politica-de-privacidad\/\" \/>\n<meta property=\"og:locale\" content=\"es_ES\" \/>\n<meta property=\"og:type\" content=\"article\" \/>\n<meta property=\"og:title\" content=\"Pol\u00edtica de privacidad | Spirits of Speed\" \/>\n<meta property=\"og:description\" content=\"[vc_row row_height_percent=\u00bb0&#8243; override_padding=\u00bbyes\u00bb h_padding=\u00bb0&#8243; top_padding=\u00bb3&#8243; bottom_padding=\u00bb3&#8243; overlay_alpha=\u00bb50&#8243; gutter_size=\u00bb3&#8243; column_width_percent=\u00bb100&#8243; shift_y=\u00bb0&#8243; z_index=\u00bb0&#8243; uncode_shortcode_id=\u00bb121130&#8243;][vc_column][vc_single_image media=\u00bb117749&#8243; media_width_percent=\u00bb50&#8243; uncode_shortcode_id=\u00bb152820&#8243;][vc_custom_heading auto_text=\u00bbyes\u00bb text_transform=\u00bbuppercase\u00bb uncode_shortcode_id=\u00bb715969&#8243;]This is a [&hellip;]\" \/>\n<meta property=\"og:url\" content=\"https:\/\/spiritsofrental.com\/es\/politica-de-privacidad\/\" \/>\n<meta property=\"og:site_name\" content=\"Spirits of Speed\" \/>\n<meta property=\"article:publisher\" content=\"https:\/\/www.facebook.com\/spiritsofspeed\/\" \/>\n<meta property=\"article:modified_time\" content=\"2023-05-19T09:19:48+00:00\" \/>\n<meta property=\"og:image\" content=\"https:\/\/spiritsofrental.com\/wp-content\/uploads\/2023\/03\/spirits-of-speed-rolls-royce-featured.webp\" \/>\n\t<meta property=\"og:image:width\" content=\"1920\" \/>\n\t<meta property=\"og:image:height\" content=\"1080\" \/>\n\t<meta property=\"og:image:type\" content=\"image\/webp\" \/>\n<meta name=\"twitter:card\" content=\"summary_large_image\" \/>\n<meta name=\"twitter:label1\" content=\"Tiempo de lectura\" \/>\n\t<meta name=\"twitter:data1\" content=\"4 minutos\" \/>\n<script type=\"application\/ld+json\" class=\"yoast-schema-graph\">{\"@context\":\"https:\\\/\\\/schema.org\",\"@graph\":[{\"@type\":\"WebPage\",\"@id\":\"https:\\\/\\\/spiritsofrental.com\\\/es\\\/politica-de-privacidad\\\/\",\"url\":\"https:\\\/\\\/spiritsofrental.com\\\/es\\\/politica-de-privacidad\\\/\",\"name\":\"Pol\u00edtica de privacidad | Spirits of Speed\",\"isPartOf\":{\"@id\":\"https:\\\/\\\/spiritsofrental.com\\\/es\\\/#website\"},\"datePublished\":\"2023-02-27T03:50:00+00:00\",\"dateModified\":\"2023-05-19T09:19:48+00:00\",\"breadcrumb\":{\"@id\":\"https:\\\/\\\/spiritsofrental.com\\\/es\\\/politica-de-privacidad\\\/#breadcrumb\"},\"inLanguage\":\"es\",\"potentialAction\":[{\"@type\":\"ReadAction\",\"target\":[\"https:\\\/\\\/spiritsofrental.com\\\/es\\\/politica-de-privacidad\\\/\"]}]},{\"@type\":\"BreadcrumbList\",\"@id\":\"https:\\\/\\\/spiritsofrental.com\\\/es\\\/politica-de-privacidad\\\/#breadcrumb\",\"itemListElement\":[{\"@type\":\"ListItem\",\"position\":1,\"name\":\"Home\",\"item\":\"https:\\\/\\\/spiritsofrental.com\\\/es\\\/\"},{\"@type\":\"ListItem\",\"position\":2,\"name\":\"Pol\u00edtica de privacidad\"}]},{\"@type\":\"WebSite\",\"@id\":\"https:\\\/\\\/spiritsofrental.com\\\/es\\\/#website\",\"url\":\"https:\\\/\\\/spiritsofrental.com\\\/es\\\/\",\"name\":\"Spirits of Rental\",\"description\":\"Luxury Car Rental in Barcelona\",\"publisher\":{\"@id\":\"https:\\\/\\\/spiritsofrental.com\\\/es\\\/#organization\"},\"potentialAction\":[{\"@type\":\"SearchAction\",\"target\":{\"@type\":\"EntryPoint\",\"urlTemplate\":\"https:\\\/\\\/spiritsofrental.com\\\/es\\\/?s={search_term_string}\"},\"query-input\":{\"@type\":\"PropertyValueSpecification\",\"valueRequired\":true,\"valueName\":\"search_term_string\"}}],\"inLanguage\":\"es\"},{\"@type\":\"Organization\",\"@id\":\"https:\\\/\\\/spiritsofrental.com\\\/es\\\/#organization\",\"name\":\"Spirits of Speed\",\"url\":\"https:\\\/\\\/spiritsofrental.com\\\/es\\\/\",\"logo\":{\"@type\":\"ImageObject\",\"inLanguage\":\"es\",\"@id\":\"https:\\\/\\\/spiritsofrental.com\\\/es\\\/#\\\/schema\\\/logo\\\/image\\\/\",\"url\":\"https:\\\/\\\/spiritsofrental.com\\\/wp-content\\\/uploads\\\/2023\\\/03\\\/spirits-of-speed-logo-light.webp\",\"contentUrl\":\"https:\\\/\\\/spiritsofrental.com\\\/wp-content\\\/uploads\\\/2023\\\/03\\\/spirits-of-speed-logo-light.webp\",\"width\":800,\"height\":158,\"caption\":\"Spirits of Speed\"},\"image\":{\"@id\":\"https:\\\/\\\/spiritsofrental.com\\\/es\\\/#\\\/schema\\\/logo\\\/image\\\/\"},\"sameAs\":[\"https:\\\/\\\/www.facebook.com\\\/spiritsofspeed\\\/\",\"https:\\\/\\\/www.linkedin.com\\\/company\\\/spirits-of-speed\\\/\",\"https:\\\/\\\/www.youtube.com\\\/channel\\\/UCgT4KlXMzPk-8s0bNkyIsyw\"]}]}<\/script>\n<!-- \/ Yoast SEO plugin. -->","yoast_head_json":{"title":"Pol\u00edtica de privacidad | Spirits of Speed","robots":{"index":"index","follow":"follow","max-snippet":"max-snippet:-1","max-image-preview":"max-image-preview:large","max-video-preview":"max-video-preview:-1"},"canonical":"https:\/\/spiritsofrental.com\/es\/politica-de-privacidad\/","og_locale":"es_ES","og_type":"article","og_title":"Pol\u00edtica de privacidad | Spirits of Speed","og_description":"[vc_row row_height_percent=\u00bb0&#8243; override_padding=\u00bbyes\u00bb h_padding=\u00bb0&#8243; top_padding=\u00bb3&#8243; bottom_padding=\u00bb3&#8243; overlay_alpha=\u00bb50&#8243; gutter_size=\u00bb3&#8243; column_width_percent=\u00bb100&#8243; shift_y=\u00bb0&#8243; z_index=\u00bb0&#8243; uncode_shortcode_id=\u00bb121130&#8243;][vc_column][vc_single_image media=\u00bb117749&#8243; media_width_percent=\u00bb50&#8243; uncode_shortcode_id=\u00bb152820&#8243;][vc_custom_heading auto_text=\u00bbyes\u00bb text_transform=\u00bbuppercase\u00bb uncode_shortcode_id=\u00bb715969&#8243;]This is a [&hellip;]","og_url":"https:\/\/spiritsofrental.com\/es\/politica-de-privacidad\/","og_site_name":"Spirits of Speed","article_publisher":"https:\/\/www.facebook.com\/spiritsofspeed\/","article_modified_time":"2023-05-19T09:19:48+00:00","og_image":[{"width":1920,"height":1080,"url":"https:\/\/spiritsofrental.com\/wp-content\/uploads\/2023\/03\/spirits-of-speed-rolls-royce-featured.webp","type":"image\/webp"}],"twitter_card":"summary_large_image","twitter_misc":{"Tiempo de lectura":"4 minutos"},"schema":{"@context":"https:\/\/schema.org","@graph":[{"@type":"WebPage","@id":"https:\/\/spiritsofrental.com\/es\/politica-de-privacidad\/","url":"https:\/\/spiritsofrental.com\/es\/politica-de-privacidad\/","name":"Pol\u00edtica de privacidad | Spirits of Speed","isPartOf":{"@id":"https:\/\/spiritsofrental.com\/es\/#website"},"datePublished":"2023-02-27T03:50:00+00:00","dateModified":"2023-05-19T09:19:48+00:00","breadcrumb":{"@id":"https:\/\/spiritsofrental.com\/es\/politica-de-privacidad\/#breadcrumb"},"inLanguage":"es","potentialAction":[{"@type":"ReadAction","target":["https:\/\/spiritsofrental.com\/es\/politica-de-privacidad\/"]}]},{"@type":"BreadcrumbList","@id":"https:\/\/spiritsofrental.com\/es\/politica-de-privacidad\/#breadcrumb","itemListElement":[{"@type":"ListItem","position":1,"name":"Home","item":"https:\/\/spiritsofrental.com\/es\/"},{"@type":"ListItem","position":2,"name":"Pol\u00edtica de privacidad"}]},{"@type":"WebSite","@id":"https:\/\/spiritsofrental.com\/es\/#website","url":"https:\/\/spiritsofrental.com\/es\/","name":"Spirits of Rental","description":"Luxury Car Rental in Barcelona","publisher":{"@id":"https:\/\/spiritsofrental.com\/es\/#organization"},"potentialAction":[{"@type":"SearchAction","target":{"@type":"EntryPoint","urlTemplate":"https:\/\/spiritsofrental.com\/es\/?s={search_term_string}"},"query-input":{"@type":"PropertyValueSpecification","valueRequired":true,"valueName":"search_term_string"}}],"inLanguage":"es"},{"@type":"Organization","@id":"https:\/\/spiritsofrental.com\/es\/#organization","name":"Spirits of Speed","url":"https:\/\/spiritsofrental.com\/es\/","logo":{"@type":"ImageObject","inLanguage":"es","@id":"https:\/\/spiritsofrental.com\/es\/#\/schema\/logo\/image\/","url":"https:\/\/spiritsofrental.com\/wp-content\/uploads\/2023\/03\/spirits-of-speed-logo-light.webp","contentUrl":"https:\/\/spiritsofrental.com\/wp-content\/uploads\/2023\/03\/spirits-of-speed-logo-light.webp","width":800,"height":158,"caption":"Spirits of Speed"},"image":{"@id":"https:\/\/spiritsofrental.com\/es\/#\/schema\/logo\/image\/"},"sameAs":["https:\/\/www.facebook.com\/spiritsofspeed\/","https:\/\/www.linkedin.com\/company\/spirits-of-speed\/","https:\/\/www.youtube.com\/channel\/UCgT4KlXMzPk-8s0bNkyIsyw"]}]}},"_links":{"self":[{"href":"https:\/\/spiritsofrental.com\/es\/wp-json\/wp\/v2\/pages\/118854","targetHints":{"allow":["GET"]}}],"collection":[{"href":"https:\/\/spiritsofrental.com\/es\/wp-json\/wp\/v2\/pages"}],"about":[{"href":"https:\/\/spiritsofrental.com\/es\/wp-json\/wp\/v2\/types\/page"}],"author":[{"embeddable":true,"href":"https:\/\/spiritsofrental.com\/es\/wp-json\/wp\/v2\/users\/1"}],"replies":[{"embeddable":true,"href":"https:\/\/spiritsofrental.com\/es\/wp-json\/wp\/v2\/comments?post=118854"}],"version-history":[{"count":2,"href":"https:\/\/spiritsofrental.com\/es\/wp-json\/wp\/v2\/pages\/118854\/revisions"}],"predecessor-version":[{"id":118856,"href":"https:\/\/spiritsofrental.com\/es\/wp-json\/wp\/v2\/pages\/118854\/revisions\/118856"}],"wp:attachment":[{"href":"https:\/\/spiritsofrental.com\/es\/wp-json\/wp\/v2\/media?parent=118854"}],"curies":[{"name":"wp","href":"https:\/\/api.w.org\/{rel}","templated":true}]}}