{"id":118851,"date":"2023-03-29T13:11:44","date_gmt":"2023-03-29T11:11:44","guid":{"rendered":"https:\/\/spiritsofrental.com\/legal-notice\/"},"modified":"2023-04-26T15:10:24","modified_gmt":"2023-04-26T13:10:24","slug":"legal-notice","status":"publish","type":"page","link":"https:\/\/spiritsofrental.com\/es\/legal-notice\/","title":{"rendered":"Aviso Legal"},"content":{"rendered":"<div class=\"wpb-content-wrapper\">[vc_row row_height_percent=\u00bb0&#8243; override_padding=\u00bbyes\u00bb h_padding=\u00bb0&#8243; top_padding=\u00bb3&#8243; bottom_padding=\u00bb3&#8243; overlay_alpha=\u00bb50&#8243; gutter_size=\u00bb3&#8243; column_width_percent=\u00bb100&#8243; shift_y=\u00bb0&#8243; z_index=\u00bb0&#8243; uncode_shortcode_id=\u00bb121130&#8243;][vc_column][vc_single_image media=\u00bb117749&#8243; media_width_percent=\u00bb50&#8243; uncode_shortcode_id=\u00bb152820&#8243;][vc_custom_heading auto_text=\u00bbyes\u00bb text_transform=\u00bbuppercase\u00bb uncode_shortcode_id=\u00bb715969&#8243;]This is a custom heading element.[\/vc_custom_heading][vc_column_text uncode_shortcode_id=\u00bb211114&#8243;]<\/p>\r\n<ul>\r\n<li>Due\u00f1o: Spirits of Speed<\/li>\r\n<li>NIF: B67213033<\/li>\r\n<li>Direcci\u00f3n: Carrer de les Ci\u00e8ncies 114 -118, 08908 L&#8217;Hospitalet de Llobregat, Espa\u00f1a<\/li>\r\n<li>Tel\u00e9fono: +34 931 31 15 53<\/li>\r\n<\/ul>\r\n<p><strong>Protecci\u00f3n de datos personales<\/strong><\/p>\r\n<p>Los datos de car\u00e1cter personal recogidos desde el sitio web se utilizan \u00fanicamente con la finalidad de prestar los servicios solicitados, as\u00ed como la facturaci\u00f3n de los mismos. Sus datos se almacenar\u00e1n en ficheros titularidad de Spirits of Speed para su facturaci\u00f3n y se conservar\u00e1n durante el plazo de tiempo legalmente exigido. Podr\u00e1 ejercer sus derechos de acceso, rectificaci\u00f3n, cancelaci\u00f3n y oposici\u00f3n dirigi\u00e9ndose por escrito a Spirits of speed, en Carrer de les Ci\u00e8ncies 114 -118, 08908 L&#8217;Hospitalet de Llobregat, Espa\u00f1a.<\/p>\r\n<p><strong>Propiedad intelectual y responsabilidad por los contenidos<\/strong><\/p>\r\n<p>Queda prohibido cualquier uso de los contenidos del sitio web, en concreto del texto, dise\u00f1o y c\u00f3digo fuente, sin la autorizaci\u00f3n expresa de sus titulares. Cualquier uso no autorizado ser\u00e1 perseguido por los leg\u00edtimos titulares.<\/p>\r\n<p>El titular del sitio web no se hace responsable del contenido de los sitios a los que pueda conducir un enlace en este sitio web, de conformidad con el art\u00edculo 17 de la LSSICE.<\/p>\r\n<p>[\/vc_column_text][\/vc_column][\/vc_row]<\/p><\/div>","protected":false},"excerpt":{"rendered":"<p>[vc_row row_height_percent=\u00bb0&#8243; override_padding=\u00bbyes\u00bb h_padding=\u00bb0&#8243; top_padding=\u00bb3&#8243; bottom_padding=\u00bb3&#8243; overlay_alpha=\u00bb50&#8243; gutter_size=\u00bb3&#8243; column_width_percent=\u00bb100&#8243; shift_y=\u00bb0&#8243; z_index=\u00bb0&#8243; uncode_shortcode_id=\u00bb121130&#8243;][vc_column][vc_single_image media=\u00bb117749&#8243; media_width_percent=\u00bb50&#8243; uncode_shortcode_id=\u00bb152820&#8243;][vc_custom_heading auto_text=\u00bbyes\u00bb text_transform=\u00bbuppercase\u00bb uncode_shortcode_id=\u00bb715969&#8243;]This is a [&hellip;]<\/p>\n","protected":false},"author":1,"featured_media":0,"parent":0,"menu_order":0,"comment_status":"closed","ping_status":"closed","template":"","meta":{"footnotes":""},"class_list":["post-118851","page","type-page","status-publish","hentry"],"yoast_head":"<!-- This site is optimized with the Yoast SEO plugin v27.4 - https:\/\/yoast.com\/product\/yoast-seo-wordpress\/ -->\n<title>Aviso Legal | Spirits of Speed<\/title>\n<meta name=\"robots\" content=\"index, follow, max-snippet:-1, max-image-preview:large, max-video-preview:-1\" \/>\n<link rel=\"canonical\" href=\"https:\/\/spiritsofrental.com\/es\/legal-notice\/\" \/>\n<meta property=\"og:locale\" content=\"es_ES\" \/>\n<meta property=\"og:type\" content=\"article\" \/>\n<meta property=\"og:title\" content=\"Aviso Legal | Spirits of Speed\" \/>\n<meta property=\"og:description\" content=\"[vc_row row_height_percent=\u00bb0&#8243; override_padding=\u00bbyes\u00bb h_padding=\u00bb0&#8243; top_padding=\u00bb3&#8243; bottom_padding=\u00bb3&#8243; overlay_alpha=\u00bb50&#8243; gutter_size=\u00bb3&#8243; column_width_percent=\u00bb100&#8243; shift_y=\u00bb0&#8243; z_index=\u00bb0&#8243; uncode_shortcode_id=\u00bb121130&#8243;][vc_column][vc_single_image media=\u00bb117749&#8243; media_width_percent=\u00bb50&#8243; uncode_shortcode_id=\u00bb152820&#8243;][vc_custom_heading auto_text=\u00bbyes\u00bb text_transform=\u00bbuppercase\u00bb uncode_shortcode_id=\u00bb715969&#8243;]This is a [&hellip;]\" \/>\n<meta property=\"og:url\" content=\"https:\/\/spiritsofrental.com\/es\/legal-notice\/\" \/>\n<meta property=\"og:site_name\" content=\"Spirits of Speed\" \/>\n<meta property=\"article:publisher\" content=\"https:\/\/www.facebook.com\/spiritsofspeed\/\" \/>\n<meta property=\"article:modified_time\" content=\"2023-04-26T13:10:24+00:00\" \/>\n<meta property=\"og:image\" content=\"https:\/\/spiritsofrental.com\/wp-content\/uploads\/2023\/03\/spirits-of-speed-rolls-royce-featured.webp\" \/>\n\t<meta property=\"og:image:width\" content=\"1920\" \/>\n\t<meta property=\"og:image:height\" content=\"1080\" \/>\n\t<meta property=\"og:image:type\" content=\"image\/webp\" \/>\n<meta name=\"twitter:card\" content=\"summary_large_image\" \/>\n<meta name=\"twitter:label1\" content=\"Tiempo de lectura\" \/>\n\t<meta name=\"twitter:data1\" content=\"1 minuto\" \/>\n<script type=\"application\/ld+json\" class=\"yoast-schema-graph\">{\"@context\":\"https:\\\/\\\/schema.org\",\"@graph\":[{\"@type\":\"WebPage\",\"@id\":\"https:\\\/\\\/spiritsofrental.com\\\/es\\\/legal-notice\\\/\",\"url\":\"https:\\\/\\\/spiritsofrental.com\\\/es\\\/legal-notice\\\/\",\"name\":\"Aviso Legal | Spirits of Speed\",\"isPartOf\":{\"@id\":\"https:\\\/\\\/spiritsofrental.com\\\/es\\\/#website\"},\"datePublished\":\"2023-03-29T11:11:44+00:00\",\"dateModified\":\"2023-04-26T13:10:24+00:00\",\"breadcrumb\":{\"@id\":\"https:\\\/\\\/spiritsofrental.com\\\/es\\\/legal-notice\\\/#breadcrumb\"},\"inLanguage\":\"es\",\"potentialAction\":[{\"@type\":\"ReadAction\",\"target\":[\"https:\\\/\\\/spiritsofrental.com\\\/es\\\/legal-notice\\\/\"]}]},{\"@type\":\"BreadcrumbList\",\"@id\":\"https:\\\/\\\/spiritsofrental.com\\\/es\\\/legal-notice\\\/#breadcrumb\",\"itemListElement\":[{\"@type\":\"ListItem\",\"position\":1,\"name\":\"Home\",\"item\":\"https:\\\/\\\/spiritsofrental.com\\\/es\\\/\"},{\"@type\":\"ListItem\",\"position\":2,\"name\":\"Aviso Legal\"}]},{\"@type\":\"WebSite\",\"@id\":\"https:\\\/\\\/spiritsofrental.com\\\/es\\\/#website\",\"url\":\"https:\\\/\\\/spiritsofrental.com\\\/es\\\/\",\"name\":\"Spirits of Rental\",\"description\":\"Luxury Car Rental in Barcelona\",\"publisher\":{\"@id\":\"https:\\\/\\\/spiritsofrental.com\\\/es\\\/#organization\"},\"potentialAction\":[{\"@type\":\"SearchAction\",\"target\":{\"@type\":\"EntryPoint\",\"urlTemplate\":\"https:\\\/\\\/spiritsofrental.com\\\/es\\\/?s={search_term_string}\"},\"query-input\":{\"@type\":\"PropertyValueSpecification\",\"valueRequired\":true,\"valueName\":\"search_term_string\"}}],\"inLanguage\":\"es\"},{\"@type\":\"Organization\",\"@id\":\"https:\\\/\\\/spiritsofrental.com\\\/es\\\/#organization\",\"name\":\"Spirits of Speed\",\"url\":\"https:\\\/\\\/spiritsofrental.com\\\/es\\\/\",\"logo\":{\"@type\":\"ImageObject\",\"inLanguage\":\"es\",\"@id\":\"https:\\\/\\\/spiritsofrental.com\\\/es\\\/#\\\/schema\\\/logo\\\/image\\\/\",\"url\":\"https:\\\/\\\/spiritsofrental.com\\\/wp-content\\\/uploads\\\/2023\\\/03\\\/spirits-of-speed-logo-light.webp\",\"contentUrl\":\"https:\\\/\\\/spiritsofrental.com\\\/wp-content\\\/uploads\\\/2023\\\/03\\\/spirits-of-speed-logo-light.webp\",\"width\":800,\"height\":158,\"caption\":\"Spirits of Speed\"},\"image\":{\"@id\":\"https:\\\/\\\/spiritsofrental.com\\\/es\\\/#\\\/schema\\\/logo\\\/image\\\/\"},\"sameAs\":[\"https:\\\/\\\/www.facebook.com\\\/spiritsofspeed\\\/\",\"https:\\\/\\\/www.linkedin.com\\\/company\\\/spirits-of-speed\\\/\",\"https:\\\/\\\/www.youtube.com\\\/channel\\\/UCgT4KlXMzPk-8s0bNkyIsyw\"]}]}<\/script>\n<!-- \/ Yoast SEO plugin. -->","yoast_head_json":{"title":"Aviso Legal | Spirits of Speed","robots":{"index":"index","follow":"follow","max-snippet":"max-snippet:-1","max-image-preview":"max-image-preview:large","max-video-preview":"max-video-preview:-1"},"canonical":"https:\/\/spiritsofrental.com\/es\/legal-notice\/","og_locale":"es_ES","og_type":"article","og_title":"Aviso Legal | Spirits of Speed","og_description":"[vc_row row_height_percent=\u00bb0&#8243; override_padding=\u00bbyes\u00bb h_padding=\u00bb0&#8243; top_padding=\u00bb3&#8243; bottom_padding=\u00bb3&#8243; overlay_alpha=\u00bb50&#8243; gutter_size=\u00bb3&#8243; column_width_percent=\u00bb100&#8243; shift_y=\u00bb0&#8243; z_index=\u00bb0&#8243; uncode_shortcode_id=\u00bb121130&#8243;][vc_column][vc_single_image media=\u00bb117749&#8243; media_width_percent=\u00bb50&#8243; uncode_shortcode_id=\u00bb152820&#8243;][vc_custom_heading auto_text=\u00bbyes\u00bb text_transform=\u00bbuppercase\u00bb uncode_shortcode_id=\u00bb715969&#8243;]This is a [&hellip;]","og_url":"https:\/\/spiritsofrental.com\/es\/legal-notice\/","og_site_name":"Spirits of Speed","article_publisher":"https:\/\/www.facebook.com\/spiritsofspeed\/","article_modified_time":"2023-04-26T13:10:24+00:00","og_image":[{"width":1920,"height":1080,"url":"https:\/\/spiritsofrental.com\/wp-content\/uploads\/2023\/03\/spirits-of-speed-rolls-royce-featured.webp","type":"image\/webp"}],"twitter_card":"summary_large_image","twitter_misc":{"Tiempo de lectura":"1 minuto"},"schema":{"@context":"https:\/\/schema.org","@graph":[{"@type":"WebPage","@id":"https:\/\/spiritsofrental.com\/es\/legal-notice\/","url":"https:\/\/spiritsofrental.com\/es\/legal-notice\/","name":"Aviso Legal | Spirits of Speed","isPartOf":{"@id":"https:\/\/spiritsofrental.com\/es\/#website"},"datePublished":"2023-03-29T11:11:44+00:00","dateModified":"2023-04-26T13:10:24+00:00","breadcrumb":{"@id":"https:\/\/spiritsofrental.com\/es\/legal-notice\/#breadcrumb"},"inLanguage":"es","potentialAction":[{"@type":"ReadAction","target":["https:\/\/spiritsofrental.com\/es\/legal-notice\/"]}]},{"@type":"BreadcrumbList","@id":"https:\/\/spiritsofrental.com\/es\/legal-notice\/#breadcrumb","itemListElement":[{"@type":"ListItem","position":1,"name":"Home","item":"https:\/\/spiritsofrental.com\/es\/"},{"@type":"ListItem","position":2,"name":"Aviso Legal"}]},{"@type":"WebSite","@id":"https:\/\/spiritsofrental.com\/es\/#website","url":"https:\/\/spiritsofrental.com\/es\/","name":"Spirits of Rental","description":"Luxury Car Rental in Barcelona","publisher":{"@id":"https:\/\/spiritsofrental.com\/es\/#organization"},"potentialAction":[{"@type":"SearchAction","target":{"@type":"EntryPoint","urlTemplate":"https:\/\/spiritsofrental.com\/es\/?s={search_term_string}"},"query-input":{"@type":"PropertyValueSpecification","valueRequired":true,"valueName":"search_term_string"}}],"inLanguage":"es"},{"@type":"Organization","@id":"https:\/\/spiritsofrental.com\/es\/#organization","name":"Spirits of Speed","url":"https:\/\/spiritsofrental.com\/es\/","logo":{"@type":"ImageObject","inLanguage":"es","@id":"https:\/\/spiritsofrental.com\/es\/#\/schema\/logo\/image\/","url":"https:\/\/spiritsofrental.com\/wp-content\/uploads\/2023\/03\/spirits-of-speed-logo-light.webp","contentUrl":"https:\/\/spiritsofrental.com\/wp-content\/uploads\/2023\/03\/spirits-of-speed-logo-light.webp","width":800,"height":158,"caption":"Spirits of Speed"},"image":{"@id":"https:\/\/spiritsofrental.com\/es\/#\/schema\/logo\/image\/"},"sameAs":["https:\/\/www.facebook.com\/spiritsofspeed\/","https:\/\/www.linkedin.com\/company\/spirits-of-speed\/","https:\/\/www.youtube.com\/channel\/UCgT4KlXMzPk-8s0bNkyIsyw"]}]}},"_links":{"self":[{"href":"https:\/\/spiritsofrental.com\/es\/wp-json\/wp\/v2\/pages\/118851","targetHints":{"allow":["GET"]}}],"collection":[{"href":"https:\/\/spiritsofrental.com\/es\/wp-json\/wp\/v2\/pages"}],"about":[{"href":"https:\/\/spiritsofrental.com\/es\/wp-json\/wp\/v2\/types\/page"}],"author":[{"embeddable":true,"href":"https:\/\/spiritsofrental.com\/es\/wp-json\/wp\/v2\/users\/1"}],"replies":[{"embeddable":true,"href":"https:\/\/spiritsofrental.com\/es\/wp-json\/wp\/v2\/comments?post=118851"}],"version-history":[{"count":1,"href":"https:\/\/spiritsofrental.com\/es\/wp-json\/wp\/v2\/pages\/118851\/revisions"}],"predecessor-version":[{"id":118852,"href":"https:\/\/spiritsofrental.com\/es\/wp-json\/wp\/v2\/pages\/118851\/revisions\/118852"}],"wp:attachment":[{"href":"https:\/\/spiritsofrental.com\/es\/wp-json\/wp\/v2\/media?parent=118851"}],"curies":[{"name":"wp","href":"https:\/\/api.w.org\/{rel}","templated":true}]}}