{"id":118845,"date":"2023-03-29T15:18:12","date_gmt":"2023-03-29T13:18:12","guid":{"rendered":"https:\/\/spiritsofrental.com\/contacto\/"},"modified":"2023-10-03T11:10:54","modified_gmt":"2023-10-03T09:10:54","slug":"contacto","status":"publish","type":"page","link":"https:\/\/spiritsofrental.com\/es\/contacto\/","title":{"rendered":"Contacto"},"content":{"rendered":"<div class=\"wpb-content-wrapper\"><p>[vc_row row_height_percent=\u00bb0&#8243; override_padding=\u00bbyes\u00bb h_padding=\u00bb2&#8243; top_padding=\u00bb7&#8243; bottom_padding=\u00bb5&#8243; overlay_alpha=\u00bb100&#8243; gutter_size=\u00bb100&#8243; column_width_percent=\u00bb100&#8243; shift_y=\u00bb0&#8243; z_index=\u00bb0&#8243; medium_visibility=\u00bbyes\u00bb mobile_visibility=\u00bbyes\u00bb row_width=\u00bb1000&#8243; block_height=\u00bb0&#8243; back_alpha=\u00bb100&#8243; border_size=\u00bb1&#8243; style=\u00bbinherited\u00bb uncode_shortcode_id=\u00bb245527&#8243;][vc_column column_width_use_pixel=\u00bbyes\u00bb gutter_size=\u00bb3&#8243; overlay_alpha=\u00bb100&#8243; shift_x=\u00bb0&#8243; shift_y=\u00bb0&#8243; shift_y_down=\u00bb0&#8243; z_index=\u00bb0&#8243; medium_width=\u00bb0&#8243; mobile_width=\u00bb0&#8243; zoom_width=\u00bb0&#8243; zoom_height=\u00bb0&#8243; width=\u00bb1\/1&#8243; max_width=\u00bb100&#8243; align_vertical=\u00bbtop\u00bb back_alpha=\u00bb100&#8243; column_width_pixel=\u00bb900&#8243;][vc_custom_heading auto_text=\u00bbyes\u00bb text_transform=\u00bbuppercase\u00bb uncode_shortcode_id=\u00bb715969&#8243;]Este es un elemento de encabezado personalizado.[\/vc_custom_heading][vc_separator sep_color=\u00bb,Default\u00bb]\n<div class=\"wpcf7 no-js\" id=\"wpcf7-f118847-o1\" lang=\"es-ES\" dir=\"ltr\" data-wpcf7-id=\"118847\">\n<div class=\"screen-reader-response\"><p role=\"status\" aria-live=\"polite\" aria-atomic=\"true\"><\/p> <ul><\/ul><\/div>\n<form action=\"\/es\/wp-json\/wp\/v2\/pages\/118845#wpcf7-f118847-o1\" method=\"post\" class=\"wpcf7-form init\" aria-label=\"Formulario de contacto\" novalidate=\"novalidate\" data-status=\"init\">\n<fieldset class=\"hidden-fields-container\"><input type=\"hidden\" name=\"_wpcf7\" value=\"118847\" \/><input type=\"hidden\" name=\"_wpcf7_version\" value=\"6.1.5\" \/><input type=\"hidden\" name=\"_wpcf7_locale\" value=\"es_ES\" \/><input type=\"hidden\" name=\"_wpcf7_unit_tag\" value=\"wpcf7-f118847-o1\" \/><input type=\"hidden\" name=\"_wpcf7_container_post\" value=\"0\" \/><input type=\"hidden\" name=\"_wpcf7_posted_data_hash\" value=\"\" \/><input type=\"hidden\" name=\"_wpcf7_recaptcha_response\" value=\"\" \/>\n<\/fieldset>\n<p><span class=\"wpcf7-form-control-wrap\" data-name=\"your-fullname\"><input size=\"40\" maxlength=\"400\" class=\"wpcf7-form-control wpcf7-text wpcf7-validates-as-required form-fluid\" aria-required=\"true\" aria-invalid=\"false\" placeholder=\"Nombre y apellidos\" value=\"\" type=\"text\" name=\"your-fullname\" \/><\/span>\n<\/p>\n<div class=\"wpcf7-inline-wrapper\">\n\t<p class=\"wpcf7-inline-field\"><span class=\"wpcf7-form-control-wrap\" data-name=\"your-email\"><input size=\"40\" maxlength=\"400\" class=\"wpcf7-form-control wpcf7-email wpcf7-validates-as-required wpcf7-text wpcf7-validates-as-email\" aria-required=\"true\" aria-invalid=\"false\" placeholder=\"Correo electr\u00f3nico\" value=\"\" type=\"email\" name=\"your-email\" \/><\/span>\n\t<\/p>\n\t<p class=\"wpcf7-inline-field\"><span class=\"wpcf7-form-control-wrap\" data-name=\"your-telephone\"><input size=\"40\" maxlength=\"400\" class=\"wpcf7-form-control wpcf7-text wpcf7-validates-as-required form-fluid\" aria-required=\"true\" aria-invalid=\"false\" placeholder=\"N\u00famero de tel\u00e9fono\" value=\"\" type=\"text\" name=\"your-telephone\" \/><\/span>\n\t<\/p>\n<\/div>\n\n<!---\n<p><span class=\"wpcf7-form-control-wrap\" data-name=\"menu-640\"><select class=\"wpcf7-form-control wpcf7-select\" aria-invalid=\"false\" name=\"menu-640\"><option value=\"Estoy interesado en...\">Estoy interesado en...<\/option><option value=\"Alquilar un veh\u00edculo\">Alquilar un veh\u00edculo<\/option><option value=\"Servicios de concierge\">Servicios de concierge<\/option><\/select><\/span><\/p>\n\n<div class=\"wpcf7-inline-wrapper\">\n<p class=\"wpcf7-inline-field\">Desde<span class=\"wpcf7-form-control-wrap\" data-name=\"date-1\"><input class=\"wpcf7-form-control wpcf7-date wpcf7-validates-as-date\" aria-invalid=\"false\" value=\"2026-04-24\" type=\"date\" name=\"date-1\" \/><\/span> <\/p>\n<p class=\"wpcf7-inline-field\">Hasta<span class=\"wpcf7-form-control-wrap\" data-name=\"date-2\"><input class=\"wpcf7-form-control wpcf7-date wpcf7-validates-as-date\" aria-invalid=\"false\" value=\"2026-04-24\" type=\"date\" name=\"date-2\" \/><\/span> <\/p>\n<\/div>\n--->\n<p><span class=\"wpcf7-form-control-wrap\" data-name=\"your-message\"><textarea cols=\"40\" rows=\"8\" maxlength=\"2000\" class=\"wpcf7-form-control wpcf7-textarea\" aria-invalid=\"false\" placeholder=\"Mensaje\" name=\"your-message\"><\/textarea><\/span>\n<\/p>\n<p><input class=\"wpcf7-form-control wpcf7-submit has-spinner btn btn-accent\" type=\"submit\" value=\"Enviar formulario\" \/>\n<\/p>\n<p><span class=\"wpcf7-form-control-wrap\" data-name=\"accept-this-1\"><span class=\"wpcf7-form-control wpcf7-acceptance\"><span class=\"wpcf7-list-item\"><label><input type=\"checkbox\" name=\"accept-this-1\" value=\"1\" aria-invalid=\"false\" \/><span class=\"wpcf7-list-item-label\">He le\u00eddo y acepto la <a href=\"https:\/\/spiritsofrental.com\/privacy-policy\/\">Pol\u00edtica de privacidad<\/a><\/span><\/label><\/span><\/span><\/span>\n<\/p>\n<h6>INFORMACI\u00d3N SOBRE PROTECCI\u00d3N DE DATOS. Finalidades: Responder a sus solicitudes y remitirle informaci\u00f3n comercial sobre nuestros productos y servicios, incluso por correo electr\u00f3nico. Legitimaci\u00f3n: Consentimiento del interesado. Destinatarios: No est\u00e1n previstas cesiones de datos. Derechos: Puede retirar su consentimiento en cualquier momento, as\u00ed como acceder, rectificar, suprimir sus datos y otros derechos en info@spiritsofspeed.com.<br \/>\nInformaci\u00f3n adicional: ver m\u00e1s en <a href=\"https:\/\/spiritsofrental.com\/privacy-policy\/\">Pol\u00edtica de privacidad<\/a>\n<\/h6><div class=\"wpcf7-response-output\" aria-hidden=\"true\"><\/div>\n<\/form>\n<\/div>\n[vc_custom_heading text_transform=\u00bbuppercase\u00bb uncode_shortcode_id=\u00bb623680&#8243;]Localizaci\u00f3n[\/vc_custom_heading][vc_separator sep_color=\u00bb,Default\u00bb][vc_raw_html]PGlmcmFtZSBzcmM9Imh0dHBzOi8vd3d3Lmdvb2dsZS5jb20vbWFwcy9lbWJlZD9wYj0hMW0xOCExbTEyITFtMyExZDExOTgwLjEwOTQ5MjIxNDk1NSEyZDIuMTE1NTcwMTUhM2Q0MS4zNTE3NTg3NSEybTMhMWYwITJmMCEzZjAhM20yITFpMTAyNCEyaTc2OCE0ZjEzLjEhM20zITFtMiExczB4MTJhNDk5ZWIzMDNkMjE0MyUzQTB4OWIzMzQyMjMwNDc4MmMwITJzU3Bpcml0cyUyME9mJTIwU3BlZWQhNWUwITNtMiExc2VzITJzZXMhNHYxNjgyMDYyOTA2NTc0ITVtMiExc2VzITJzZXMiIHdpZHRoPSI2MDAiIGhlaWdodD0iNDUwIiBzdHlsZT0iYm9yZGVyOjA7IiBhbGxvd2Z1bGxzY3JlZW49IiIgbG9hZGluZz0ibGF6eSIgcmVmZXJyZXJwb2xpY3k9Im5vLXJlZmVycmVyLXdoZW4tZG93bmdyYWRlIj48L2lmcmFtZT4=[\/vc_raw_html][\/vc_column][\/vc_row][vc_row row_height_percent=\u00bb0&#8243; override_padding=\u00bbyes\u00bb h_padding=\u00bb2&#8243; top_padding=\u00bb7&#8243; bottom_padding=\u00bb5&#8243; overlay_alpha=\u00bb100&#8243; gutter_size=\u00bb100&#8243; column_width_percent=\u00bb100&#8243; shift_y=\u00bb0&#8243; z_index=\u00bb0&#8243; desktop_visibility=\u00bbyes\u00bb row_width=\u00bb1000&#8243; block_height=\u00bb0&#8243; back_alpha=\u00bb100&#8243; border_size=\u00bb1&#8243; style=\u00bbinherited\u00bb uncode_shortcode_id=\u00bb138763&#8243;][vc_column column_width_use_pixel=\u00bbyes\u00bb gutter_size=\u00bb3&#8243; overlay_alpha=\u00bb100&#8243; shift_x=\u00bb0&#8243; shift_y=\u00bb0&#8243; shift_y_down=\u00bb0&#8243; z_index=\u00bb0&#8243; medium_width=\u00bb0&#8243; mobile_width=\u00bb0&#8243; zoom_width=\u00bb0&#8243; zoom_height=\u00bb0&#8243; width=\u00bb1\/1&#8243; max_width=\u00bb100&#8243; align_vertical=\u00bbtop\u00bb back_alpha=\u00bb100&#8243; column_width_pixel=\u00bb900&#8243;][vc_separator sep_color=\u00bb,Default\u00bb][vc_custom_heading auto_text=\u00bbyes\u00bb text_transform=\u00bbuppercase\u00bb uncode_shortcode_id=\u00bb715969&#8243;]Este es un elemento de encabezado personalizado.[\/vc_custom_heading]\n<div class=\"wpcf7 no-js\" id=\"wpcf7-f118847-o2\" lang=\"es-ES\" dir=\"ltr\" data-wpcf7-id=\"118847\">\n<div class=\"screen-reader-response\"><p role=\"status\" aria-live=\"polite\" aria-atomic=\"true\"><\/p> <ul><\/ul><\/div>\n<form action=\"\/es\/wp-json\/wp\/v2\/pages\/118845#wpcf7-f118847-o2\" method=\"post\" class=\"wpcf7-form init\" aria-label=\"Formulario de contacto\" novalidate=\"novalidate\" data-status=\"init\">\n<fieldset class=\"hidden-fields-container\"><input type=\"hidden\" name=\"_wpcf7\" value=\"118847\" \/><input type=\"hidden\" name=\"_wpcf7_version\" value=\"6.1.5\" \/><input type=\"hidden\" name=\"_wpcf7_locale\" value=\"es_ES\" \/><input type=\"hidden\" name=\"_wpcf7_unit_tag\" value=\"wpcf7-f118847-o2\" \/><input type=\"hidden\" name=\"_wpcf7_container_post\" value=\"0\" \/><input type=\"hidden\" name=\"_wpcf7_posted_data_hash\" value=\"\" \/><input type=\"hidden\" name=\"_wpcf7_recaptcha_response\" value=\"\" \/>\n<\/fieldset>\n<p><span class=\"wpcf7-form-control-wrap\" data-name=\"your-fullname\"><input size=\"40\" maxlength=\"400\" class=\"wpcf7-form-control wpcf7-text wpcf7-validates-as-required form-fluid\" aria-required=\"true\" aria-invalid=\"false\" placeholder=\"Nombre y apellidos\" value=\"\" type=\"text\" name=\"your-fullname\" \/><\/span>\n<\/p>\n<div class=\"wpcf7-inline-wrapper\">\n\t<p class=\"wpcf7-inline-field\"><span class=\"wpcf7-form-control-wrap\" data-name=\"your-email\"><input size=\"40\" maxlength=\"400\" class=\"wpcf7-form-control wpcf7-email wpcf7-validates-as-required wpcf7-text wpcf7-validates-as-email\" aria-required=\"true\" aria-invalid=\"false\" placeholder=\"Correo electr\u00f3nico\" value=\"\" type=\"email\" name=\"your-email\" \/><\/span>\n\t<\/p>\n\t<p class=\"wpcf7-inline-field\"><span class=\"wpcf7-form-control-wrap\" data-name=\"your-telephone\"><input size=\"40\" maxlength=\"400\" class=\"wpcf7-form-control wpcf7-text wpcf7-validates-as-required form-fluid\" aria-required=\"true\" aria-invalid=\"false\" placeholder=\"N\u00famero de tel\u00e9fono\" value=\"\" type=\"text\" name=\"your-telephone\" \/><\/span>\n\t<\/p>\n<\/div>\n\n<!---\n<p><span class=\"wpcf7-form-control-wrap\" data-name=\"menu-640\"><select class=\"wpcf7-form-control wpcf7-select\" aria-invalid=\"false\" name=\"menu-640\"><option value=\"Estoy interesado en...\">Estoy interesado en...<\/option><option value=\"Alquilar un veh\u00edculo\">Alquilar un veh\u00edculo<\/option><option value=\"Servicios de concierge\">Servicios de concierge<\/option><\/select><\/span><\/p>\n\n<div class=\"wpcf7-inline-wrapper\">\n<p class=\"wpcf7-inline-field\">Desde<span class=\"wpcf7-form-control-wrap\" data-name=\"date-1\"><input class=\"wpcf7-form-control wpcf7-date wpcf7-validates-as-date\" aria-invalid=\"false\" value=\"2026-04-24\" type=\"date\" name=\"date-1\" \/><\/span> <\/p>\n<p class=\"wpcf7-inline-field\">Hasta<span class=\"wpcf7-form-control-wrap\" data-name=\"date-2\"><input class=\"wpcf7-form-control wpcf7-date wpcf7-validates-as-date\" aria-invalid=\"false\" value=\"2026-04-24\" type=\"date\" name=\"date-2\" \/><\/span> <\/p>\n<\/div>\n--->\n<p><span class=\"wpcf7-form-control-wrap\" data-name=\"your-message\"><textarea cols=\"40\" rows=\"8\" maxlength=\"2000\" class=\"wpcf7-form-control wpcf7-textarea\" aria-invalid=\"false\" placeholder=\"Mensaje\" name=\"your-message\"><\/textarea><\/span>\n<\/p>\n<p><input class=\"wpcf7-form-control wpcf7-submit has-spinner btn btn-accent\" type=\"submit\" value=\"Enviar formulario\" \/>\n<\/p>\n<p><span class=\"wpcf7-form-control-wrap\" data-name=\"accept-this-1\"><span class=\"wpcf7-form-control wpcf7-acceptance\"><span class=\"wpcf7-list-item\"><label><input type=\"checkbox\" name=\"accept-this-1\" value=\"1\" aria-invalid=\"false\" \/><span class=\"wpcf7-list-item-label\">He le\u00eddo y acepto la <a href=\"https:\/\/spiritsofrental.com\/privacy-policy\/\">Pol\u00edtica de privacidad<\/a><\/span><\/label><\/span><\/span><\/span>\n<\/p>\n<h6>INFORMACI\u00d3N SOBRE PROTECCI\u00d3N DE DATOS. Finalidades: Responder a sus solicitudes y remitirle informaci\u00f3n comercial sobre nuestros productos y servicios, incluso por correo electr\u00f3nico. Legitimaci\u00f3n: Consentimiento del interesado. Destinatarios: No est\u00e1n previstas cesiones de datos. Derechos: Puede retirar su consentimiento en cualquier momento, as\u00ed como acceder, rectificar, suprimir sus datos y otros derechos en info@spiritsofspeed.com.<br \/>\nInformaci\u00f3n adicional: ver m\u00e1s en <a href=\"https:\/\/spiritsofrental.com\/privacy-policy\/\">Pol\u00edtica de privacidad<\/a>\n<\/h6><div class=\"wpcf7-response-output\" aria-hidden=\"true\"><\/div>\n<\/form>\n<\/div>\n[\/vc_column][\/vc_row][vc_row][vc_column width=\u00bb1\/3&#8243;][vc_custom_heading text_font=\u00bbfont-117396&#8243; text_height=\u00bbfontheight-357766&#8243; uncode_shortcode_id=\u00bb994130&#8243; text_color_type=\u00bbuncode-solid\u00bb text_color_solid=\u00bb#210000&#8243;]Spirits of Rental[\/vc_custom_heading][vc_custom_heading text_font=\u00bbfont-117396&#8243; text_size=\u00bbh3&#8243; text_height=\u00bbfontheight-357766&#8243; uncode_shortcode_id=\u00bb879374&#8243;]Carrer de les Ciencies 114-118<br \/>\n08908, L \u0301Hospitalet de Llobregat<br \/>\n<a href=\"mailto:info@spiritsofrental.com\">info@spiritsofrental.com<\/a><br \/>\n+34 931 311 553[\/vc_custom_heading][\/vc_column][vc_column width=\u00bb1\/3&#8243;][vc_single_image media=\u00bb120036&#8243; media_width_use_pixel=\u00bbyes\u00bb alignment=\u00bbcenter\u00bb uncode_shortcode_id=\u00bb152352&#8243; media_width_pixel=\u00bb1&#8243;][\/vc_column][vc_column width=\u00bb1\/3&#8243;][vc_custom_heading text_font=\u00bbfont-117396&#8243; text_height=\u00bbfontheight-357766&#8243; uncode_shortcode_id=\u00bb101887&#8243; text_color_type=\u00bbuncode-solid\u00bb text_color_solid=\u00bb#210000&#8243;]Gerard Claramunt[\/vc_custom_heading][vc_custom_heading text_font=\u00bbfont-117396&#8243; text_size=\u00bbh3&#8243; text_height=\u00bbfontheight-357766&#8243; uncode_shortcode_id=\u00bb185407&#8243;]Head of Rental &amp; Logistics<br \/>\n<a href=\"mailto:gerard@spiritsofspeed.com\">gerard@spiritsofspeed.com<\/a><br \/>\n+34 667304716[\/vc_custom_heading][\/vc_column][\/vc_row]<\/p>\n<\/div>","protected":false},"excerpt":{"rendered":"<p>[vc_row row_height_percent=\u00bb0&#8243; override_padding=\u00bbyes\u00bb h_padding=\u00bb2&#8243; top_padding=\u00bb7&#8243; bottom_padding=\u00bb5&#8243; overlay_alpha=\u00bb100&#8243; gutter_size=\u00bb100&#8243; column_width_percent=\u00bb100&#8243; shift_y=\u00bb0&#8243; z_index=\u00bb0&#8243; medium_visibility=\u00bbyes\u00bb mobile_visibility=\u00bbyes\u00bb row_width=\u00bb1000&#8243; block_height=\u00bb0&#8243; back_alpha=\u00bb100&#8243; border_size=\u00bb1&#8243; style=\u00bbinherited\u00bb uncode_shortcode_id=\u00bb245527&#8243;][vc_column column_width_use_pixel=\u00bbyes\u00bb [&hellip;]<\/p>\n","protected":false},"author":1,"featured_media":0,"parent":0,"menu_order":0,"comment_status":"closed","ping_status":"closed","template":"","meta":{"footnotes":""},"class_list":["post-118845","page","type-page","status-publish","hentry"],"yoast_head":"<!-- This site is optimized with the Yoast SEO plugin v27.4 - https:\/\/yoast.com\/product\/yoast-seo-wordpress\/ -->\n<title>Contacto Us | Spirits of Speed Rental<\/title>\n<meta name=\"description\" content=\"Nuestros coches de alquiler de lujo en Barcelona est\u00e1n dise\u00f1ados para ofrecerle el m\u00e1ximo confort, rendimiento y estilo, mientras est\u00e9 en Espa\u00f1a.\" \/>\n<meta name=\"robots\" content=\"index, follow, max-snippet:-1, max-image-preview:large, max-video-preview:-1\" \/>\n<link rel=\"canonical\" href=\"https:\/\/spiritsofrental.com\/es\/contacto\/\" \/>\n<meta property=\"og:locale\" content=\"es_ES\" \/>\n<meta property=\"og:type\" content=\"article\" \/>\n<meta property=\"og:title\" content=\"Contacto Us | Spirits of Speed Rental\" \/>\n<meta property=\"og:description\" content=\"Nuestros coches de alquiler de lujo en Barcelona est\u00e1n dise\u00f1ados para ofrecerle el m\u00e1ximo confort, rendimiento y estilo, mientras est\u00e9 en Espa\u00f1a.\" \/>\n<meta property=\"og:url\" content=\"https:\/\/spiritsofrental.com\/es\/contacto\/\" \/>\n<meta property=\"og:site_name\" content=\"Spirits of Speed\" \/>\n<meta property=\"article:publisher\" content=\"https:\/\/www.facebook.com\/spiritsofspeed\/\" \/>\n<meta property=\"article:modified_time\" content=\"2023-10-03T09:10:54+00:00\" \/>\n<meta property=\"og:image\" content=\"https:\/\/spiritsofrental.com\/wp-content\/uploads\/2023\/03\/spirits-of-speed-rolls-royce-featured.webp\" \/>\n\t<meta property=\"og:image:width\" content=\"1920\" \/>\n\t<meta property=\"og:image:height\" content=\"1080\" \/>\n\t<meta property=\"og:image:type\" content=\"image\/webp\" \/>\n<meta name=\"twitter:card\" content=\"summary_large_image\" \/>\n<meta name=\"twitter:label1\" content=\"Tiempo de lectura\" \/>\n\t<meta name=\"twitter:data1\" content=\"1 minuto\" \/>\n<script type=\"application\/ld+json\" class=\"yoast-schema-graph\">{\"@context\":\"https:\\\/\\\/schema.org\",\"@graph\":[{\"@type\":\"WebPage\",\"@id\":\"https:\\\/\\\/spiritsofrental.com\\\/es\\\/contacto\\\/\",\"url\":\"https:\\\/\\\/spiritsofrental.com\\\/es\\\/contacto\\\/\",\"name\":\"Contacto Us | Spirits of Speed Rental\",\"isPartOf\":{\"@id\":\"https:\\\/\\\/spiritsofrental.com\\\/es\\\/#website\"},\"datePublished\":\"2023-03-29T13:18:12+00:00\",\"dateModified\":\"2023-10-03T09:10:54+00:00\",\"description\":\"Nuestros coches de alquiler de lujo en Barcelona est\u00e1n dise\u00f1ados para ofrecerle el m\u00e1ximo confort, rendimiento y estilo, mientras est\u00e9 en Espa\u00f1a.\",\"breadcrumb\":{\"@id\":\"https:\\\/\\\/spiritsofrental.com\\\/es\\\/contacto\\\/#breadcrumb\"},\"inLanguage\":\"es\",\"potentialAction\":[{\"@type\":\"ReadAction\",\"target\":[\"https:\\\/\\\/spiritsofrental.com\\\/es\\\/contacto\\\/\"]}]},{\"@type\":\"BreadcrumbList\",\"@id\":\"https:\\\/\\\/spiritsofrental.com\\\/es\\\/contacto\\\/#breadcrumb\",\"itemListElement\":[{\"@type\":\"ListItem\",\"position\":1,\"name\":\"Home\",\"item\":\"https:\\\/\\\/spiritsofrental.com\\\/es\\\/\"},{\"@type\":\"ListItem\",\"position\":2,\"name\":\"Contacto\"}]},{\"@type\":\"WebSite\",\"@id\":\"https:\\\/\\\/spiritsofrental.com\\\/es\\\/#website\",\"url\":\"https:\\\/\\\/spiritsofrental.com\\\/es\\\/\",\"name\":\"Spirits of Rental\",\"description\":\"Luxury Car Rental in Barcelona\",\"publisher\":{\"@id\":\"https:\\\/\\\/spiritsofrental.com\\\/es\\\/#organization\"},\"potentialAction\":[{\"@type\":\"SearchAction\",\"target\":{\"@type\":\"EntryPoint\",\"urlTemplate\":\"https:\\\/\\\/spiritsofrental.com\\\/es\\\/?s={search_term_string}\"},\"query-input\":{\"@type\":\"PropertyValueSpecification\",\"valueRequired\":true,\"valueName\":\"search_term_string\"}}],\"inLanguage\":\"es\"},{\"@type\":\"Organization\",\"@id\":\"https:\\\/\\\/spiritsofrental.com\\\/es\\\/#organization\",\"name\":\"Spirits of Speed\",\"url\":\"https:\\\/\\\/spiritsofrental.com\\\/es\\\/\",\"logo\":{\"@type\":\"ImageObject\",\"inLanguage\":\"es\",\"@id\":\"https:\\\/\\\/spiritsofrental.com\\\/es\\\/#\\\/schema\\\/logo\\\/image\\\/\",\"url\":\"https:\\\/\\\/spiritsofrental.com\\\/wp-content\\\/uploads\\\/2023\\\/03\\\/spirits-of-speed-logo-light.webp\",\"contentUrl\":\"https:\\\/\\\/spiritsofrental.com\\\/wp-content\\\/uploads\\\/2023\\\/03\\\/spirits-of-speed-logo-light.webp\",\"width\":800,\"height\":158,\"caption\":\"Spirits of Speed\"},\"image\":{\"@id\":\"https:\\\/\\\/spiritsofrental.com\\\/es\\\/#\\\/schema\\\/logo\\\/image\\\/\"},\"sameAs\":[\"https:\\\/\\\/www.facebook.com\\\/spiritsofspeed\\\/\",\"https:\\\/\\\/www.linkedin.com\\\/company\\\/spirits-of-speed\\\/\",\"https:\\\/\\\/www.youtube.com\\\/channel\\\/UCgT4KlXMzPk-8s0bNkyIsyw\"]}]}<\/script>\n<!-- \/ Yoast SEO plugin. -->","yoast_head_json":{"title":"Contacto Us | Spirits of Speed Rental","description":"Nuestros coches de alquiler de lujo en Barcelona est\u00e1n dise\u00f1ados para ofrecerle el m\u00e1ximo confort, rendimiento y estilo, mientras est\u00e9 en Espa\u00f1a.","robots":{"index":"index","follow":"follow","max-snippet":"max-snippet:-1","max-image-preview":"max-image-preview:large","max-video-preview":"max-video-preview:-1"},"canonical":"https:\/\/spiritsofrental.com\/es\/contacto\/","og_locale":"es_ES","og_type":"article","og_title":"Contacto Us | Spirits of Speed Rental","og_description":"Nuestros coches de alquiler de lujo en Barcelona est\u00e1n dise\u00f1ados para ofrecerle el m\u00e1ximo confort, rendimiento y estilo, mientras est\u00e9 en Espa\u00f1a.","og_url":"https:\/\/spiritsofrental.com\/es\/contacto\/","og_site_name":"Spirits of Speed","article_publisher":"https:\/\/www.facebook.com\/spiritsofspeed\/","article_modified_time":"2023-10-03T09:10:54+00:00","og_image":[{"width":1920,"height":1080,"url":"https:\/\/spiritsofrental.com\/wp-content\/uploads\/2023\/03\/spirits-of-speed-rolls-royce-featured.webp","type":"image\/webp"}],"twitter_card":"summary_large_image","twitter_misc":{"Tiempo de lectura":"1 minuto"},"schema":{"@context":"https:\/\/schema.org","@graph":[{"@type":"WebPage","@id":"https:\/\/spiritsofrental.com\/es\/contacto\/","url":"https:\/\/spiritsofrental.com\/es\/contacto\/","name":"Contacto Us | Spirits of Speed Rental","isPartOf":{"@id":"https:\/\/spiritsofrental.com\/es\/#website"},"datePublished":"2023-03-29T13:18:12+00:00","dateModified":"2023-10-03T09:10:54+00:00","description":"Nuestros coches de alquiler de lujo en Barcelona est\u00e1n dise\u00f1ados para ofrecerle el m\u00e1ximo confort, rendimiento y estilo, mientras est\u00e9 en Espa\u00f1a.","breadcrumb":{"@id":"https:\/\/spiritsofrental.com\/es\/contacto\/#breadcrumb"},"inLanguage":"es","potentialAction":[{"@type":"ReadAction","target":["https:\/\/spiritsofrental.com\/es\/contacto\/"]}]},{"@type":"BreadcrumbList","@id":"https:\/\/spiritsofrental.com\/es\/contacto\/#breadcrumb","itemListElement":[{"@type":"ListItem","position":1,"name":"Home","item":"https:\/\/spiritsofrental.com\/es\/"},{"@type":"ListItem","position":2,"name":"Contacto"}]},{"@type":"WebSite","@id":"https:\/\/spiritsofrental.com\/es\/#website","url":"https:\/\/spiritsofrental.com\/es\/","name":"Spirits of Rental","description":"Luxury Car Rental in Barcelona","publisher":{"@id":"https:\/\/spiritsofrental.com\/es\/#organization"},"potentialAction":[{"@type":"SearchAction","target":{"@type":"EntryPoint","urlTemplate":"https:\/\/spiritsofrental.com\/es\/?s={search_term_string}"},"query-input":{"@type":"PropertyValueSpecification","valueRequired":true,"valueName":"search_term_string"}}],"inLanguage":"es"},{"@type":"Organization","@id":"https:\/\/spiritsofrental.com\/es\/#organization","name":"Spirits of Speed","url":"https:\/\/spiritsofrental.com\/es\/","logo":{"@type":"ImageObject","inLanguage":"es","@id":"https:\/\/spiritsofrental.com\/es\/#\/schema\/logo\/image\/","url":"https:\/\/spiritsofrental.com\/wp-content\/uploads\/2023\/03\/spirits-of-speed-logo-light.webp","contentUrl":"https:\/\/spiritsofrental.com\/wp-content\/uploads\/2023\/03\/spirits-of-speed-logo-light.webp","width":800,"height":158,"caption":"Spirits of Speed"},"image":{"@id":"https:\/\/spiritsofrental.com\/es\/#\/schema\/logo\/image\/"},"sameAs":["https:\/\/www.facebook.com\/spiritsofspeed\/","https:\/\/www.linkedin.com\/company\/spirits-of-speed\/","https:\/\/www.youtube.com\/channel\/UCgT4KlXMzPk-8s0bNkyIsyw"]}]}},"_links":{"self":[{"href":"https:\/\/spiritsofrental.com\/es\/wp-json\/wp\/v2\/pages\/118845","targetHints":{"allow":["GET"]}}],"collection":[{"href":"https:\/\/spiritsofrental.com\/es\/wp-json\/wp\/v2\/pages"}],"about":[{"href":"https:\/\/spiritsofrental.com\/es\/wp-json\/wp\/v2\/types\/page"}],"author":[{"embeddable":true,"href":"https:\/\/spiritsofrental.com\/es\/wp-json\/wp\/v2\/users\/1"}],"replies":[{"embeddable":true,"href":"https:\/\/spiritsofrental.com\/es\/wp-json\/wp\/v2\/comments?post=118845"}],"version-history":[{"count":5,"href":"https:\/\/spiritsofrental.com\/es\/wp-json\/wp\/v2\/pages\/118845\/revisions"}],"predecessor-version":[{"id":120159,"href":"https:\/\/spiritsofrental.com\/es\/wp-json\/wp\/v2\/pages\/118845\/revisions\/120159"}],"wp:attachment":[{"href":"https:\/\/spiritsofrental.com\/es\/wp-json\/wp\/v2\/media?parent=118845"}],"curies":[{"name":"wp","href":"https:\/\/api.w.org\/{rel}","templated":true}]}}